{"id":8,"date":"2024-08-09T11:07:16","date_gmt":"2024-08-09T09:07:16","guid":{"rendered":"https:\/\/new.henrichs-restaurant.de\/?page_id=8"},"modified":"2026-04-07T13:12:06","modified_gmt":"2026-04-07T11:12:06","slug":"startseite","status":"publish","type":"page","link":"https:\/\/www.henrichs-restaurant.de\/","title":{"rendered":"Startseite"},"content":{"rendered":"\t\t<div data-elementor-type=\"wp-page\" data-elementor-id=\"8\" class=\"elementor elementor-8\">\n\t\t\t\t<div class=\"elementor-element elementor-element-a62b881 e-flex e-con-boxed e-con e-parent\" data-id=\"a62b881\" data-element_type=\"container\" data-e-type=\"container\" data-settings=\"{&quot;background_background&quot;:&quot;classic&quot;}\">\n\t\t\t\t\t<div class=\"e-con-inner\">\n\t\t\t\t<div class=\"elementor-element elementor-element-74ca19d elementor-widget elementor-widget-heading\" data-id=\"74ca19d\" data-element_type=\"widget\" data-e-type=\"widget\" data-widget_type=\"heading.default\">\n\t\t\t\t<div class=\"elementor-widget-container\">\n\t\t\t\t\t<h2 class=\"elementor-heading-title elementor-size-default\">HENRICHS - die Industrie-Eventlocation<\/h2>\t\t\t\t<\/div>\n\t\t\t\t<\/div>\n\t\t\t\t<div class=\"elementor-element elementor-element-72b3fbe elementor-widget elementor-widget-heading\" data-id=\"72b3fbe\" data-element_type=\"widget\" data-e-type=\"widget\" data-widget_type=\"heading.default\">\n\t\t\t\t<div class=\"elementor-widget-container\">\n\t\t\t\t\t<h2 class=\"elementor-heading-title elementor-size-default\">f\u00fcr Hochzeiten &amp; Firmenevents im Ruhrgebiet<\/h2>\t\t\t\t<\/div>\n\t\t\t\t<\/div>\n\t\t\t\t\t<\/div>\n\t\t\t\t<\/div>\n\t\t<div class=\"elementor-element elementor-element-dda5e6d e-flex e-con-boxed e-con e-parent\" data-id=\"dda5e6d\" data-element_type=\"container\" data-e-type=\"container\" data-settings=\"{&quot;background_background&quot;:&quot;classic&quot;}\">\n\t\t\t\t\t<div class=\"e-con-inner\">\n\t\t<div class=\"elementor-element elementor-element-8513697 e-con-full e-flex e-con e-child\" data-id=\"8513697\" data-element_type=\"container\" data-e-type=\"container\">\n\t\t\t\t<div class=\"elementor-element elementor-element-df13154 elementor-widget elementor-widget-text-editor\" data-id=\"df13154\" data-element_type=\"widget\" data-e-type=\"widget\" data-widget_type=\"text-editor.default\">\n\t\t\t\t<div class=\"elementor-widget-container\">\n\t\t\t\t\t\t\t\t\t<p>Wo bis Ende der 80er jahre noch der Puls des Stahls schlug, hat das Henrichs seinen Platz, gemeinsam mit dem LWL-Industriemuseum Henrichsh\u00fctte.<\/p><p>Mit Restaurant, Bar und Lounge geh\u00f6rt es zu den sch\u00f6nsten und imposantesten Industriekultur Locations im Ruhrgebiet. Geniessen Sie hier kulinarische Freuden in dieser einzigartigen Kulisse. In moderner und kulturgepr\u00e4gter Atmosph\u00e4re mit frischer und mediterraner K\u00fcche. Nat\u00fcrlich kann dieser Bereich nach Absprache angemietet werden.<\/p>\t\t\t\t\t\t\t\t<\/div>\n\t\t\t\t<\/div>\n\t\t\t\t<div class=\"elementor-element elementor-element-a46889b elementor-align-center elementor-widget elementor-widget-button\" data-id=\"a46889b\" data-element_type=\"widget\" data-e-type=\"widget\" data-widget_type=\"button.default\">\n\t\t\t\t<div class=\"elementor-widget-container\">\n\t\t\t\t\t\t\t\t\t<div class=\"elementor-button-wrapper\">\n\t\t\t\t\t<a class=\"elementor-button elementor-button-link elementor-size-sm\" href=\"https:\/\/www.henrichs-restaurant.de\/?page_id=39\">\n\t\t\t\t\t\t<span class=\"elementor-button-content-wrapper\">\n\t\t\t\t\t\t\t\t\t<span class=\"elementor-button-text\">Reservierung<\/span>\n\t\t\t\t\t<\/span>\n\t\t\t\t\t<\/a>\n\t\t\t\t<\/div>\n\t\t\t\t\t\t\t\t<\/div>\n\t\t\t\t<\/div>\n\t\t\t\t<\/div>\n\t\t<div class=\"elementor-element elementor-element-62be3a7 e-con-full e-flex e-con e-child\" data-id=\"62be3a7\" data-element_type=\"container\" data-e-type=\"container\">\n\t\t\t\t<div class=\"elementor-element elementor-element-8abc5cf elementor-widget elementor-widget-image\" data-id=\"8abc5cf\" data-element_type=\"widget\" data-e-type=\"widget\" data-widget_type=\"image.default\">\n\t\t\t\t<div class=\"elementor-widget-container\">\n\t\t\t\t\t\t\t\t\t\t\t\t\t\t\t<img fetchpriority=\"high\" decoding=\"async\" width=\"1024\" height=\"576\" src=\"https:\/\/www.henrichs-restaurant.de\/wp-content\/uploads\/2024\/08\/DSC05843-1024x576.jpg\" class=\"attachment-large size-large wp-image-310\" alt=\"\" srcset=\"https:\/\/www.henrichs-restaurant.de\/wp-content\/uploads\/2024\/08\/DSC05843-1024x576.jpg 1024w, https:\/\/www.henrichs-restaurant.de\/wp-content\/uploads\/2024\/08\/DSC05843-300x169.jpg 300w, https:\/\/www.henrichs-restaurant.de\/wp-content\/uploads\/2024\/08\/DSC05843-768x432.jpg 768w, https:\/\/www.henrichs-restaurant.de\/wp-content\/uploads\/2024\/08\/DSC05843-1536x864.jpg 1536w, https:\/\/www.henrichs-restaurant.de\/wp-content\/uploads\/2024\/08\/DSC05843-2048x1152.jpg 2048w, https:\/\/www.henrichs-restaurant.de\/wp-content\/uploads\/2024\/08\/DSC05843-800x450.jpg 800w\" sizes=\"(max-width: 1024px) 100vw, 1024px\" \/>\t\t\t\t\t\t\t\t\t\t\t\t\t\t\t<\/div>\n\t\t\t\t<\/div>\n\t\t\t\t<div class=\"elementor-element elementor-element-112a805 elementor-widget elementor-widget-image\" data-id=\"112a805\" data-element_type=\"widget\" data-e-type=\"widget\" data-widget_type=\"image.default\">\n\t\t\t\t<div class=\"elementor-widget-container\">\n\t\t\t\t\t\t\t\t\t\t\t\t\t\t\t<img decoding=\"async\" width=\"1024\" height=\"576\" src=\"https:\/\/www.henrichs-restaurant.de\/wp-content\/uploads\/2024\/08\/DSC05838-1024x576.jpg\" class=\"attachment-large size-large wp-image-306\" alt=\"\" srcset=\"https:\/\/www.henrichs-restaurant.de\/wp-content\/uploads\/2024\/08\/DSC05838-1024x576.jpg 1024w, https:\/\/www.henrichs-restaurant.de\/wp-content\/uploads\/2024\/08\/DSC05838-300x169.jpg 300w, https:\/\/www.henrichs-restaurant.de\/wp-content\/uploads\/2024\/08\/DSC05838-768x432.jpg 768w, https:\/\/www.henrichs-restaurant.de\/wp-content\/uploads\/2024\/08\/DSC05838-1536x864.jpg 1536w, https:\/\/www.henrichs-restaurant.de\/wp-content\/uploads\/2024\/08\/DSC05838-2048x1152.jpg 2048w, https:\/\/www.henrichs-restaurant.de\/wp-content\/uploads\/2024\/08\/DSC05838-800x450.jpg 800w\" sizes=\"(max-width: 1024px) 100vw, 1024px\" \/>\t\t\t\t\t\t\t\t\t\t\t\t\t\t\t<\/div>\n\t\t\t\t<\/div>\n\t\t\t\t<\/div>\n\t\t\t\t\t<\/div>\n\t\t\t\t<\/div>\n\t\t<div class=\"elementor-element elementor-element-6be5663 e-flex e-con-boxed e-con e-parent\" data-id=\"6be5663\" data-element_type=\"container\" data-e-type=\"container\" data-settings=\"{&quot;background_background&quot;:&quot;classic&quot;}\">\n\t\t\t\t\t<div class=\"e-con-inner\">\n\t\t\t\t<div class=\"elementor-element elementor-element-0f3403b elementor-widget elementor-widget-spacer\" data-id=\"0f3403b\" data-element_type=\"widget\" data-e-type=\"widget\" data-widget_type=\"spacer.default\">\n\t\t\t\t<div class=\"elementor-widget-container\">\n\t\t\t\t\t\t\t<div class=\"elementor-spacer\">\n\t\t\t<div class=\"elementor-spacer-inner\"><\/div>\n\t\t<\/div>\n\t\t\t\t\t\t<\/div>\n\t\t\t\t<\/div>\n\t\t\t\t\t<\/div>\n\t\t\t\t<\/div>\n\t\t<div class=\"elementor-element elementor-element-1817a0e e-flex e-con-boxed e-con e-parent\" data-id=\"1817a0e\" data-element_type=\"container\" data-e-type=\"container\">\n\t\t\t\t\t<div class=\"e-con-inner\">\n\t\t\t\t<div class=\"elementor-element elementor-element-e778d57 elementor-widget elementor-widget-spacer\" data-id=\"e778d57\" data-element_type=\"widget\" data-e-type=\"widget\" data-widget_type=\"spacer.default\">\n\t\t\t\t<div class=\"elementor-widget-container\">\n\t\t\t\t\t\t\t<div class=\"elementor-spacer\">\n\t\t\t<div class=\"elementor-spacer-inner\"><\/div>\n\t\t<\/div>\n\t\t\t\t\t\t<\/div>\n\t\t\t\t<\/div>\n\t\t\t\t\t<\/div>\n\t\t\t\t<\/div>\n\t\t<div class=\"elementor-element elementor-element-b37f173 e-flex e-con-boxed e-con e-parent\" data-id=\"b37f173\" data-element_type=\"container\" data-e-type=\"container\">\n\t\t\t\t\t<div class=\"e-con-inner\">\n\t\t<div class=\"elementor-element elementor-element-8a4dc96 e-con-full e-flex e-con e-child\" data-id=\"8a4dc96\" data-element_type=\"container\" data-e-type=\"container\">\n\t\t\t\t<div class=\"elementor-element elementor-element-7d1e610 elementor-widget elementor-widget-image\" data-id=\"7d1e610\" data-element_type=\"widget\" data-e-type=\"widget\" data-widget_type=\"image.default\">\n\t\t\t\t<div class=\"elementor-widget-container\">\n\t\t\t\t\t\t\t\t\t\t\t\t\t\t\t<img decoding=\"async\" width=\"768\" height=\"1024\" src=\"https:\/\/www.henrichs-restaurant.de\/wp-content\/uploads\/2024\/08\/Restaurant-Hochzeit-neu-Hoch-768x1024.jpg\" class=\"attachment-large size-large wp-image-200\" alt=\"\" srcset=\"https:\/\/www.henrichs-restaurant.de\/wp-content\/uploads\/2024\/08\/Restaurant-Hochzeit-neu-Hoch-768x1024.jpg 768w, https:\/\/www.henrichs-restaurant.de\/wp-content\/uploads\/2024\/08\/Restaurant-Hochzeit-neu-Hoch-225x300.jpg 225w, https:\/\/www.henrichs-restaurant.de\/wp-content\/uploads\/2024\/08\/Restaurant-Hochzeit-neu-Hoch-1152x1536.jpg 1152w, https:\/\/www.henrichs-restaurant.de\/wp-content\/uploads\/2024\/08\/Restaurant-Hochzeit-neu-Hoch-1536x2048.jpg 1536w, https:\/\/www.henrichs-restaurant.de\/wp-content\/uploads\/2024\/08\/Restaurant-Hochzeit-neu-Hoch-scaled.jpg 1920w\" sizes=\"(max-width: 768px) 100vw, 768px\" \/>\t\t\t\t\t\t\t\t\t\t\t\t\t\t\t<\/div>\n\t\t\t\t<\/div>\n\t\t\t\t<\/div>\n\t\t<div class=\"elementor-element elementor-element-9020e75 e-con-full e-flex e-con e-child\" data-id=\"9020e75\" data-element_type=\"container\" data-e-type=\"container\">\n\t\t\t\t<div class=\"elementor-element elementor-element-3c28796 elementor-widget elementor-widget-heading\" data-id=\"3c28796\" data-element_type=\"widget\" data-e-type=\"widget\" data-widget_type=\"heading.default\">\n\t\t\t\t<div class=\"elementor-widget-container\">\n\t\t\t\t\t<h2 class=\"elementor-heading-title elementor-size-default\">Eine Location, so viele M\u00f6glichkeiten<\/h2>\t\t\t\t<\/div>\n\t\t\t\t<\/div>\n\t\t\t\t<div class=\"elementor-element elementor-element-7ed1d24 elementor-widget elementor-widget-text-editor\" data-id=\"7ed1d24\" data-element_type=\"widget\" data-e-type=\"widget\" data-widget_type=\"text-editor.default\">\n\t\t\t\t<div class=\"elementor-widget-container\">\n\t\t\t\t\t\t\t\t\t<p>Ob Sitzung, Tagung, Taufe, Hochzeit oder Jubil\u00e4um:<\/p><p>Sie k\u00f6nnen sich bei Ihrer Veranstaltung voll und ganz auf unser Know-How und K\u00f6nnen verlassen.<\/p>\t\t\t\t\t\t\t\t<\/div>\n\t\t\t\t<\/div>\n\t\t\t\t<div class=\"elementor-element elementor-element-cbd79d0 elementor-align-center elementor-widget elementor-widget-button\" data-id=\"cbd79d0\" data-element_type=\"widget\" data-e-type=\"widget\" data-widget_type=\"button.default\">\n\t\t\t\t<div class=\"elementor-widget-container\">\n\t\t\t\t\t\t\t\t\t<div class=\"elementor-button-wrapper\">\n\t\t\t\t\t<a class=\"elementor-button elementor-button-link elementor-size-sm\" href=\"https:\/\/www.henrichs-restaurant.de\/?page_id=39\">\n\t\t\t\t\t\t<span class=\"elementor-button-content-wrapper\">\n\t\t\t\t\t\t\t\t\t<span class=\"elementor-button-text\">Reservierungsanfrage<\/span>\n\t\t\t\t\t<\/span>\n\t\t\t\t\t<\/a>\n\t\t\t\t<\/div>\n\t\t\t\t\t\t\t\t<\/div>\n\t\t\t\t<\/div>\n\t\t\t\t<\/div>\n\t\t\t\t\t<\/div>\n\t\t\t\t<\/div>\n\t\t<div class=\"elementor-element elementor-element-dbeccf0 e-flex e-con-boxed e-con e-parent\" data-id=\"dbeccf0\" data-element_type=\"container\" data-e-type=\"container\">\n\t\t\t\t\t<div class=\"e-con-inner\">\n\t\t\t\t<div class=\"elementor-element elementor-element-2ad63c6 elementor-widget elementor-widget-spacer\" data-id=\"2ad63c6\" data-element_type=\"widget\" data-e-type=\"widget\" data-widget_type=\"spacer.default\">\n\t\t\t\t<div class=\"elementor-widget-container\">\n\t\t\t\t\t\t\t<div class=\"elementor-spacer\">\n\t\t\t<div class=\"elementor-spacer-inner\"><\/div>\n\t\t<\/div>\n\t\t\t\t\t\t<\/div>\n\t\t\t\t<\/div>\n\t\t\t\t\t<\/div>\n\t\t\t\t<\/div>\n\t\t<div class=\"elementor-element elementor-element-2922432 e-flex e-con-boxed e-con e-parent\" data-id=\"2922432\" data-element_type=\"container\" data-e-type=\"container\" data-settings=\"{&quot;background_background&quot;:&quot;classic&quot;}\">\n\t\t\t\t\t<div class=\"e-con-inner\">\n\t\t\t\t<div class=\"elementor-element elementor-element-fae9cb5 elementor-widget elementor-widget-heading\" data-id=\"fae9cb5\" data-element_type=\"widget\" data-e-type=\"widget\" data-widget_type=\"heading.default\">\n\t\t\t\t<div class=\"elementor-widget-container\">\n\t\t\t\t\t<h2 class=\"elementor-heading-title elementor-size-default\"><a href=\"https:\/\/www.henrichs-restaurant.de\/?page_id=33\">Veranstaltungen<\/a><\/h2>\t\t\t\t<\/div>\n\t\t\t\t<\/div>\n\t\t\t\t\t<\/div>\n\t\t\t\t<\/div>\n\t\t<div class=\"elementor-element elementor-element-4c26c6f e-flex e-con-boxed e-con e-parent\" data-id=\"4c26c6f\" data-element_type=\"container\" data-e-type=\"container\">\n\t\t\t\t\t<div class=\"e-con-inner\">\n\t\t\t\t<div class=\"elementor-element elementor-element-3b739c7 elementor-widget elementor-widget-spacer\" data-id=\"3b739c7\" data-element_type=\"widget\" data-e-type=\"widget\" data-widget_type=\"spacer.default\">\n\t\t\t\t<div class=\"elementor-widget-container\">\n\t\t\t\t\t\t\t<div class=\"elementor-spacer\">\n\t\t\t<div class=\"elementor-spacer-inner\"><\/div>\n\t\t<\/div>\n\t\t\t\t\t\t<\/div>\n\t\t\t\t<\/div>\n\t\t\t\t\t<\/div>\n\t\t\t\t<\/div>\n\t\t\t\t<\/div>\n\t\t","protected":false},"excerpt":{"rendered":"<p>HENRICHS &#8211; die Industrie-Eventlocation f\u00fcr Hochzeiten &amp; Firmenevents im Ruhrgebiet Wo bis Ende der 80er jahre noch der Puls des Stahls schlug, hat das Henrichs seinen Platz, gemeinsam mit dem LWL-Industriemuseum Henrichsh\u00fctte. Mit Restaurant, Bar und Lounge geh\u00f6rt es zu den sch\u00f6nsten und imposantesten Industriekultur Locations im Ruhrgebiet. Geniessen Sie hier kulinarische Freuden in dieser [&hellip;]<\/p>\n","protected":false},"author":1,"featured_media":0,"parent":0,"menu_order":0,"comment_status":"closed","ping_status":"closed","template":"elementor_header_footer","meta":{"footnotes":""},"class_list":["post-8","page","type-page","status-publish","hentry","entry"],"_links":{"self":[{"href":"https:\/\/www.henrichs-restaurant.de\/index.php?rest_route=\/wp\/v2\/pages\/8","targetHints":{"allow":["GET"]}}],"collection":[{"href":"https:\/\/www.henrichs-restaurant.de\/index.php?rest_route=\/wp\/v2\/pages"}],"about":[{"href":"https:\/\/www.henrichs-restaurant.de\/index.php?rest_route=\/wp\/v2\/types\/page"}],"author":[{"embeddable":true,"href":"https:\/\/www.henrichs-restaurant.de\/index.php?rest_route=\/wp\/v2\/users\/1"}],"replies":[{"embeddable":true,"href":"https:\/\/www.henrichs-restaurant.de\/index.php?rest_route=%2Fwp%2Fv2%2Fcomments&post=8"}],"version-history":[{"count":116,"href":"https:\/\/www.henrichs-restaurant.de\/index.php?rest_route=\/wp\/v2\/pages\/8\/revisions"}],"predecessor-version":[{"id":1488,"href":"https:\/\/www.henrichs-restaurant.de\/index.php?rest_route=\/wp\/v2\/pages\/8\/revisions\/1488"}],"wp:attachment":[{"href":"https:\/\/www.henrichs-restaurant.de\/index.php?rest_route=%2Fwp%2Fv2%2Fmedia&parent=8"}],"curies":[{"name":"wp","href":"https:\/\/api.w.org\/{rel}","templated":true}]}}