{"id":735,"date":"2024-11-13T17:06:14","date_gmt":"2024-11-13T16:06:14","guid":{"rendered":"https:\/\/www.henrichs-restaurant.de\/?page_id=735"},"modified":"2026-01-28T16:42:51","modified_gmt":"2026-01-28T15:42:51","slug":"tanz-in-den-mai","status":"publish","type":"page","link":"https:\/\/www.henrichs-restaurant.de\/?page_id=735","title":{"rendered":"Tanz in den Mai"},"content":{"rendered":"\t\t<div data-elementor-type=\"wp-page\" data-elementor-id=\"735\" class=\"elementor elementor-735\">\n\t\t\t\t<div class=\"elementor-element elementor-element-8e0fbbb e-flex e-con-boxed e-con e-parent\" data-id=\"8e0fbbb\" data-element_type=\"container\" data-e-type=\"container\">\n\t\t\t\t\t<div class=\"e-con-inner\">\n\t\t<div class=\"elementor-element elementor-element-63d7077 e-con-full e-flex e-con e-child\" data-id=\"63d7077\" data-element_type=\"container\" data-e-type=\"container\">\n\t\t\t\t<div class=\"elementor-element elementor-element-f9c108b elementor-widget elementor-widget-heading\" data-id=\"f9c108b\" data-element_type=\"widget\" data-e-type=\"widget\" data-widget_type=\"heading.default\">\n\t\t\t\t<div class=\"elementor-widget-container\">\n\t\t\t\t\t<h2 class=\"elementor-heading-title elementor-size-default\">Tanz in den Mai<\/h2>\t\t\t\t<\/div>\n\t\t\t\t<\/div>\n\t\t\t\t<div class=\"elementor-element elementor-element-a5640af elementor-widget elementor-widget-text-editor\" data-id=\"a5640af\" data-element_type=\"widget\" data-e-type=\"widget\" data-widget_type=\"text-editor.default\">\n\t\t\t\t<div class=\"elementor-widget-container\">\n\t\t\t\t\t\t\t\t\t<div class=\"times__date\" data-v-331ed750=\"\"><div class=\"d-flex\"><div class=\"mr-2\"><strong>Tanz in den Mai 2026 im Henrichs!<\/strong><\/div><\/div><\/div><div class=\"v-card-text pt-4 px-0\" data-v-331ed750=\"\"><div class=\"\" data-v-331ed750=\"\"><p>Feiern Sie mit uns den Fr\u00fchling und tanzen Sie am 30. April in den Mai! In der einzigartigen Atmosph\u00e4re des ehemaligen Stahlwerks erwartet Sie ein unvergesslicher Abend voller Musik, Spa\u00df und Genuss.<\/p><p>Wir sorgen daf\u00fcr, dass Sie kulinarisch bestens versorgt sind: Bis Mitternacht bieten wir eine Auswahl an leckeren Snacks und kleinen Speisen. F\u00fcr die passenden Drinks ist ebenfalls gesorgt \u2013 w\u00e4hlen Sie aus unserer gro\u00dfen Getr\u00e4nkeauswahl, die perfekt zur Fr\u00fchlingsstimmung passen.\u00a0<\/p><p>Schnappen Sie sich Ihre Tanzschuhe und kommen Sie ins Henrichs \u2013 erleben Sie die besondere Magie des Tanzens in den Mai bei uns in Hattingen!\u00a0<\/p><p><img decoding=\"async\" class=\"emoji\" role=\"img\" draggable=\"false\" src=\"https:\/\/s.w.org\/images\/core\/emoji\/15.0.3\/svg\/1f4c5.svg\" alt=\"\ud83d\udcc5\" \/>\u00a0<strong>Datum:<\/strong> 30. April 2026<br \/><img decoding=\"async\" class=\"emoji\" role=\"img\" draggable=\"false\" src=\"https:\/\/s.w.org\/images\/core\/emoji\/15.0.3\/svg\/1f555.svg\" alt=\"\ud83d\udd55\" \/>\u00a0<strong>Einlass:<\/strong> 20:00 Uhr<br \/><img decoding=\"async\" class=\"emoji\" role=\"img\" draggable=\"false\" src=\"https:\/\/s.w.org\/images\/core\/emoji\/15.0.3\/svg\/1f4cd.svg\" alt=\"\ud83d\udccd\" \/>\u00a0<strong>Ort:<\/strong>\u00a0Henrichs Restaurant, Werksstra\u00dfe 31-33, 45527 Hattingen<\/p><\/div><\/div>\t\t\t\t\t\t\t\t<\/div>\n\t\t\t\t<\/div>\n\t\t\t\t<div class=\"elementor-element elementor-element-98e9a5b elementor-align-center elementor-widget elementor-widget-button\" data-id=\"98e9a5b\" data-element_type=\"widget\" data-e-type=\"widget\" data-widget_type=\"button.default\">\n\t\t\t\t<div class=\"elementor-widget-container\">\n\t\t\t\t\t\t\t\t\t<div class=\"elementor-button-wrapper\">\n\t\t\t\t\t<a class=\"elementor-button elementor-button-link elementor-size-sm\" href=\"https:\/\/www.eventim-light.com\/de\/a\/62a745ac7ea97a7778886492\">\n\t\t\t\t\t\t<span class=\"elementor-button-content-wrapper\">\n\t\t\t\t\t\t\t\t\t<span class=\"elementor-button-text\">Zu denTickets<\/span>\n\t\t\t\t\t<\/span>\n\t\t\t\t\t<\/a>\n\t\t\t\t<\/div>\n\t\t\t\t\t\t\t\t<\/div>\n\t\t\t\t<\/div>\n\t\t\t\t<\/div>\n\t\t<div class=\"elementor-element elementor-element-c861424 e-con-full e-flex e-con e-child\" data-id=\"c861424\" data-element_type=\"container\" data-e-type=\"container\">\n\t\t\t\t<div class=\"elementor-element elementor-element-f3a8d62 elementor-widget elementor-widget-image\" data-id=\"f3a8d62\" data-element_type=\"widget\" data-e-type=\"widget\" data-widget_type=\"image.default\">\n\t\t\t\t<div class=\"elementor-widget-container\">\n\t\t\t\t\t\t\t\t\t\t\t\t\t\t\t<img fetchpriority=\"high\" decoding=\"async\" width=\"731\" height=\"1024\" src=\"https:\/\/www.henrichs-restaurant.de\/wp-content\/uploads\/2025\/02\/Tanz-in-den-Mai-731x1024.png\" class=\"attachment-large size-large wp-image-838\" alt=\"\" srcset=\"https:\/\/www.henrichs-restaurant.de\/wp-content\/uploads\/2025\/02\/Tanz-in-den-Mai-731x1024.png 731w, https:\/\/www.henrichs-restaurant.de\/wp-content\/uploads\/2025\/02\/Tanz-in-den-Mai-214x300.png 214w, https:\/\/www.henrichs-restaurant.de\/wp-content\/uploads\/2025\/02\/Tanz-in-den-Mai-768x1075.png 768w, https:\/\/www.henrichs-restaurant.de\/wp-content\/uploads\/2025\/02\/Tanz-in-den-Mai.png 857w\" sizes=\"(max-width: 731px) 100vw, 731px\" \/>\t\t\t\t\t\t\t\t\t\t\t\t\t\t\t<\/div>\n\t\t\t\t<\/div>\n\t\t\t\t<\/div>\n\t\t\t\t\t<\/div>\n\t\t\t\t<\/div>\n\t\t\t\t<\/div>\n\t\t","protected":false},"excerpt":{"rendered":"<p>Tanz in den Mai Tanz in den Mai 2026 im Henrichs! Feiern Sie mit uns den Fr\u00fchling und tanzen Sie am 30. April in den Mai! In der einzigartigen Atmosph\u00e4re des ehemaligen Stahlwerks erwartet Sie ein unvergesslicher Abend voller Musik, Spa\u00df und Genuss. Wir sorgen daf\u00fcr, dass Sie kulinarisch bestens versorgt sind: Bis Mitternacht bieten [&hellip;]<\/p>\n","protected":false},"author":1,"featured_media":0,"parent":0,"menu_order":0,"comment_status":"closed","ping_status":"closed","template":"elementor_header_footer","meta":{"footnotes":""},"class_list":["post-735","page","type-page","status-publish","hentry","entry"],"_links":{"self":[{"href":"https:\/\/www.henrichs-restaurant.de\/index.php?rest_route=\/wp\/v2\/pages\/735","targetHints":{"allow":["GET"]}}],"collection":[{"href":"https:\/\/www.henrichs-restaurant.de\/index.php?rest_route=\/wp\/v2\/pages"}],"about":[{"href":"https:\/\/www.henrichs-restaurant.de\/index.php?rest_route=\/wp\/v2\/types\/page"}],"author":[{"embeddable":true,"href":"https:\/\/www.henrichs-restaurant.de\/index.php?rest_route=\/wp\/v2\/users\/1"}],"replies":[{"embeddable":true,"href":"https:\/\/www.henrichs-restaurant.de\/index.php?rest_route=%2Fwp%2Fv2%2Fcomments&post=735"}],"version-history":[{"count":25,"href":"https:\/\/www.henrichs-restaurant.de\/index.php?rest_route=\/wp\/v2\/pages\/735\/revisions"}],"predecessor-version":[{"id":1265,"href":"https:\/\/www.henrichs-restaurant.de\/index.php?rest_route=\/wp\/v2\/pages\/735\/revisions\/1265"}],"wp:attachment":[{"href":"https:\/\/www.henrichs-restaurant.de\/index.php?rest_route=%2Fwp%2Fv2%2Fmedia&parent=735"}],"curies":[{"name":"wp","href":"https:\/\/api.w.org\/{rel}","templated":true}]}}