{"id":59,"date":"2024-08-09T12:05:15","date_gmt":"2024-08-09T10:05:15","guid":{"rendered":"https:\/\/new.henrichs-restaurant.de\/?page_id=59"},"modified":"2024-08-21T16:33:11","modified_gmt":"2024-08-21T14:33:11","slug":"impressum","status":"publish","type":"page","link":"https:\/\/www.henrichs-restaurant.de\/?page_id=59","title":{"rendered":"Impressum"},"content":{"rendered":"\t\t<div data-elementor-type=\"wp-page\" data-elementor-id=\"59\" class=\"elementor elementor-59\">\n\t\t\t\t<div class=\"elementor-element elementor-element-12f497d e-flex e-con-boxed e-con e-parent\" data-id=\"12f497d\" data-element_type=\"container\" data-e-type=\"container\">\n\t\t\t\t\t<div class=\"e-con-inner\">\n\t\t\t\t<div class=\"elementor-element elementor-element-30c0a54 elementor-widget elementor-widget-text-editor\" data-id=\"30c0a54\" data-element_type=\"widget\" data-e-type=\"widget\" data-widget_type=\"text-editor.default\">\n\t\t\t\t<div class=\"elementor-widget-container\">\n\t\t\t\t\t\t\t\t\t<p>Henrichs Eventgastronomie GmbH<br \/>Werksstr. 31-33<br \/>45527 Hattingen<\/p><p>Telefon: 02324 \/ 68 59 63<br \/>E-Mail: info@henrichs-restaurant.de<\/p><p>Vertretungsberechtigte Gesch\u00e4ftsf\u00fchrer: Axel Schlegel<br \/>Zust\u00e4ndiges Handelsregister: Amtsgericht Essen HRB 35926<\/p><p>www.henrichs-restaurant.de<\/p>\t\t\t\t\t\t\t\t<\/div>\n\t\t\t\t<\/div>\n\t\t\t\t\t<\/div>\n\t\t\t\t<\/div>\n\t\t\t\t<\/div>\n\t\t","protected":false},"excerpt":{"rendered":"<p>Henrichs Eventgastronomie GmbHWerksstr. 31-3345527 Hattingen Telefon: 02324 \/ 68 59 63E-Mail: info@henrichs-restaurant.de Vertretungsberechtigte Gesch\u00e4ftsf\u00fchrer: Axel SchlegelZust\u00e4ndiges Handelsregister: Amtsgericht Essen HRB 35926 www.henrichs-restaurant.de<\/p>\n","protected":false},"author":1,"featured_media":0,"parent":0,"menu_order":0,"comment_status":"closed","ping_status":"closed","template":"elementor_header_footer","meta":{"footnotes":""},"class_list":["post-59","page","type-page","status-publish","hentry","entry"],"_links":{"self":[{"href":"https:\/\/www.henrichs-restaurant.de\/index.php?rest_route=\/wp\/v2\/pages\/59","targetHints":{"allow":["GET"]}}],"collection":[{"href":"https:\/\/www.henrichs-restaurant.de\/index.php?rest_route=\/wp\/v2\/pages"}],"about":[{"href":"https:\/\/www.henrichs-restaurant.de\/index.php?rest_route=\/wp\/v2\/types\/page"}],"author":[{"embeddable":true,"href":"https:\/\/www.henrichs-restaurant.de\/index.php?rest_route=\/wp\/v2\/users\/1"}],"replies":[{"embeddable":true,"href":"https:\/\/www.henrichs-restaurant.de\/index.php?rest_route=%2Fwp%2Fv2%2Fcomments&post=59"}],"version-history":[{"count":7,"href":"https:\/\/www.henrichs-restaurant.de\/index.php?rest_route=\/wp\/v2\/pages\/59\/revisions"}],"predecessor-version":[{"id":344,"href":"https:\/\/www.henrichs-restaurant.de\/index.php?rest_route=\/wp\/v2\/pages\/59\/revisions\/344"}],"wp:attachment":[{"href":"https:\/\/www.henrichs-restaurant.de\/index.php?rest_route=%2Fwp%2Fv2%2Fmedia&parent=59"}],"curies":[{"name":"wp","href":"https:\/\/api.w.org\/{rel}","templated":true}]}}