{"id":460,"date":"2024-09-14T15:06:33","date_gmt":"2024-09-14T13:06:33","guid":{"rendered":"https:\/\/www.henrichs-restaurant.de\/?page_id=460"},"modified":"2024-11-08T14:17:59","modified_gmt":"2024-11-08T13:17:59","slug":"ihre-veranstaltung","status":"publish","type":"page","link":"https:\/\/www.henrichs-restaurant.de\/?page_id=460","title":{"rendered":"Ihre Veranstaltung"},"content":{"rendered":"\t\t<div data-elementor-type=\"wp-page\" data-elementor-id=\"460\" class=\"elementor elementor-460\">\n\t\t\t\t<div class=\"elementor-element elementor-element-088436e e-flex e-con-boxed e-con e-parent\" data-id=\"088436e\" data-element_type=\"container\" data-e-type=\"container\" data-settings=\"{&quot;background_background&quot;:&quot;classic&quot;}\">\n\t\t\t\t\t<div class=\"e-con-inner\">\n\t\t<div class=\"elementor-element elementor-element-928fdf1 e-con-full e-flex e-con e-child\" data-id=\"928fdf1\" data-element_type=\"container\" data-e-type=\"container\">\n\t\t\t\t<div class=\"elementor-element elementor-element-b8abfaf elementor-widget elementor-widget-image\" data-id=\"b8abfaf\" data-element_type=\"widget\" data-e-type=\"widget\" data-widget_type=\"image.default\">\n\t\t\t\t<div class=\"elementor-widget-container\">\n\t\t\t\t\t\t\t\t\t\t\t\t\t\t\t<img fetchpriority=\"high\" decoding=\"async\" width=\"1024\" height=\"576\" src=\"https:\/\/www.henrichs-restaurant.de\/wp-content\/uploads\/2024\/08\/DSC05795-1024x576.jpg\" class=\"attachment-large size-large wp-image-268\" alt=\"\" srcset=\"https:\/\/www.henrichs-restaurant.de\/wp-content\/uploads\/2024\/08\/DSC05795-1024x576.jpg 1024w, https:\/\/www.henrichs-restaurant.de\/wp-content\/uploads\/2024\/08\/DSC05795-300x169.jpg 300w, https:\/\/www.henrichs-restaurant.de\/wp-content\/uploads\/2024\/08\/DSC05795-768x432.jpg 768w, https:\/\/www.henrichs-restaurant.de\/wp-content\/uploads\/2024\/08\/DSC05795-1536x864.jpg 1536w, https:\/\/www.henrichs-restaurant.de\/wp-content\/uploads\/2024\/08\/DSC05795-2048x1152.jpg 2048w, https:\/\/www.henrichs-restaurant.de\/wp-content\/uploads\/2024\/08\/DSC05795-800x450.jpg 800w\" sizes=\"(max-width: 1024px) 100vw, 1024px\" \/>\t\t\t\t\t\t\t\t\t\t\t\t\t\t\t<\/div>\n\t\t\t\t<\/div>\n\t\t\t\t<\/div>\n\t\t<div class=\"elementor-element elementor-element-e058b4f e-con-full e-flex e-con e-child\" data-id=\"e058b4f\" data-element_type=\"container\" data-e-type=\"container\">\n\t\t\t\t<div class=\"elementor-element elementor-element-40cf951 elementor-widget elementor-widget-image\" data-id=\"40cf951\" data-element_type=\"widget\" data-e-type=\"widget\" data-widget_type=\"image.default\">\n\t\t\t\t<div class=\"elementor-widget-container\">\n\t\t\t\t\t\t\t\t\t\t\t\t\t\t\t<img decoding=\"async\" width=\"1024\" height=\"576\" src=\"https:\/\/www.henrichs-restaurant.de\/wp-content\/uploads\/2024\/08\/DSC05815-1024x576.jpg\" class=\"attachment-large size-large wp-image-284\" alt=\"\" srcset=\"https:\/\/www.henrichs-restaurant.de\/wp-content\/uploads\/2024\/08\/DSC05815-1024x576.jpg 1024w, https:\/\/www.henrichs-restaurant.de\/wp-content\/uploads\/2024\/08\/DSC05815-300x169.jpg 300w, https:\/\/www.henrichs-restaurant.de\/wp-content\/uploads\/2024\/08\/DSC05815-768x432.jpg 768w, https:\/\/www.henrichs-restaurant.de\/wp-content\/uploads\/2024\/08\/DSC05815-1536x864.jpg 1536w, https:\/\/www.henrichs-restaurant.de\/wp-content\/uploads\/2024\/08\/DSC05815-2048x1152.jpg 2048w, https:\/\/www.henrichs-restaurant.de\/wp-content\/uploads\/2024\/08\/DSC05815-800x450.jpg 800w\" sizes=\"(max-width: 1024px) 100vw, 1024px\" \/>\t\t\t\t\t\t\t\t\t\t\t\t\t\t\t<\/div>\n\t\t\t\t<\/div>\n\t\t\t\t<\/div>\n\t\t\t\t\t<\/div>\n\t\t\t\t<\/div>\n\t\t<div class=\"elementor-element elementor-element-4aad379 e-flex e-con-boxed e-con e-parent\" data-id=\"4aad379\" data-element_type=\"container\" data-e-type=\"container\" data-settings=\"{&quot;background_background&quot;:&quot;classic&quot;}\">\n\t\t\t\t\t<div class=\"e-con-inner\">\n\t\t\t\t<div class=\"elementor-element elementor-element-7f03b27 elementor-widget elementor-widget-text-editor\" data-id=\"7f03b27\" data-element_type=\"widget\" data-e-type=\"widget\" data-widget_type=\"text-editor.default\">\n\t\t\t\t<div class=\"elementor-widget-container\">\n\t\t\t\t\t\t\t\t\t<h2><span style=\"color: #ffffff;\">Ihr Veranstaltung in der Hernichs Eventgastronomie<\/span><\/h2><p>Die <strong>Henrich Eventgastronomie GmbH<\/strong> bietet Ihnen ein Rundum-sorglos-Paket f\u00fcr Ihre Veranstaltung \u2013 individuell, professionell und immer auf Ihre Bed\u00fcrfnisse zugeschnitten. Unsere Eventlocation in einem ehemaligen Stahlwerk verbindet historischen Industriecharme mit moderner Eleganz und schafft so eine unverwechselbare Atmosph\u00e4re f\u00fcr Hochzeiten, Firmenevents, Tagungen und mehr.<\/p><p><strong>Unser Service umfasst:<\/strong><\/p><ul><li><strong>Location:<\/strong> Einzigartige Veranstaltungsr\u00e4ume mit industriellem Flair f\u00fcr 50 bis 150 Personen.<\/li><li><strong>Organisation:<\/strong> Von der ersten Idee bis zur letzten Minute stehen wir Ihnen beratend zur Seite. Gemeinsam planen wir Ihre Veranstaltung ganz nach Ihren W\u00fcnschen.<\/li><li><strong>Catering:<\/strong> Hochwertige Speisen und Getr\u00e4nke, perfekt auf Ihre Veranstaltung abgestimmt \u2013 ob Buffet, Men\u00fc oder Fingerfood.<\/li><li><strong>Personal:<\/strong> Professioneller, freundlicher Service, der f\u00fcr das Wohl Ihrer G\u00e4ste sorgt und f\u00fcr einen reibungslosen Ablauf garantiert.<\/li><\/ul><p><strong>Was uns ausmacht:<\/strong><\/p><ul><li><strong>Einzigartige Location:<\/strong> Unsere Eventr\u00e4ume im ehemaligen Stahlwerk bieten eine unverwechselbare Kulisse, die Ihre Veranstaltung zu einem besonderen Erlebnis macht.<\/li><li><strong>Alles aus einer Hand:<\/strong> Wir k\u00fcmmern uns um jeden Aspekt Ihrer Veranstaltung \u2013 von der Planung bis zur Durchf\u00fchrung. Sie k\u00f6nnen sich entspannen und die Feier genie\u00dfen.<\/li><li><strong>Transparenz und Zuverl\u00e4ssigkeit:<\/strong> Wir begleiten Sie in allen organisatorischen Fragen, bieten klare Preisgestaltung und stehen Ihnen jederzeit mit Rat und Tat zur Seite.<\/li><li><strong>Flexibilit\u00e4t:<\/strong> Jede Veranstaltung ist einzigartig, und wir passen uns flexibel Ihren W\u00fcnschen an, um Ihnen das perfekte Event zu erm\u00f6glichen.<\/li><\/ul><p>Erleben Sie bei uns die perfekte Kombination aus eindrucksvoller Location, erstklassigem Service und ma\u00dfgeschneiderter Organisation \u2013 f\u00fcr unvergessliche Momente!<\/p>\t\t\t\t\t\t\t\t<\/div>\n\t\t\t\t<\/div>\n\t\t\t\t\t<\/div>\n\t\t\t\t<\/div>\n\t\t<div class=\"elementor-element elementor-element-ffdbfad e-flex e-con-boxed e-con e-parent\" data-id=\"ffdbfad\" data-element_type=\"container\" data-e-type=\"container\" data-settings=\"{&quot;background_background&quot;:&quot;classic&quot;}\">\n\t\t\t\t\t<div class=\"e-con-inner\">\n\t\t\t\t<div class=\"elementor-element elementor-element-07fe31e elementor-align-center elementor-widget elementor-widget-button\" data-id=\"07fe31e\" data-element_type=\"widget\" data-e-type=\"widget\" data-widget_type=\"button.default\">\n\t\t\t\t<div class=\"elementor-widget-container\">\n\t\t\t\t\t\t\t\t\t<div class=\"elementor-button-wrapper\">\n\t\t\t\t\t<a class=\"elementor-button elementor-button-link elementor-size-sm\" href=\"https:\/\/www.henrichs-restaurant.de\/?page_id=39\">\n\t\t\t\t\t\t<span class=\"elementor-button-content-wrapper\">\n\t\t\t\t\t\t\t\t\t<span class=\"elementor-button-text\">Treten Sie jetzt mit uns in Kontakt<\/span>\n\t\t\t\t\t<\/span>\n\t\t\t\t\t<\/a>\n\t\t\t\t<\/div>\n\t\t\t\t\t\t\t\t<\/div>\n\t\t\t\t<\/div>\n\t\t\t\t\t<\/div>\n\t\t\t\t<\/div>\n\t\t\t\t<\/div>\n\t\t","protected":false},"excerpt":{"rendered":"<p>Ihr Veranstaltung in der Hernichs Eventgastronomie Die Henrich Eventgastronomie GmbH bietet Ihnen ein Rundum-sorglos-Paket f\u00fcr Ihre Veranstaltung \u2013 individuell, professionell und immer auf Ihre Bed\u00fcrfnisse zugeschnitten. Unsere Eventlocation in einem ehemaligen Stahlwerk verbindet historischen Industriecharme mit moderner Eleganz und schafft so eine unverwechselbare Atmosph\u00e4re f\u00fcr Hochzeiten, Firmenevents, Tagungen und mehr. Unser Service umfasst: Location: Einzigartige [&hellip;]<\/p>\n","protected":false},"author":1,"featured_media":0,"parent":0,"menu_order":0,"comment_status":"closed","ping_status":"closed","template":"elementor_header_footer","meta":{"footnotes":""},"class_list":["post-460","page","type-page","status-publish","hentry","entry"],"_links":{"self":[{"href":"https:\/\/www.henrichs-restaurant.de\/index.php?rest_route=\/wp\/v2\/pages\/460","targetHints":{"allow":["GET"]}}],"collection":[{"href":"https:\/\/www.henrichs-restaurant.de\/index.php?rest_route=\/wp\/v2\/pages"}],"about":[{"href":"https:\/\/www.henrichs-restaurant.de\/index.php?rest_route=\/wp\/v2\/types\/page"}],"author":[{"embeddable":true,"href":"https:\/\/www.henrichs-restaurant.de\/index.php?rest_route=\/wp\/v2\/users\/1"}],"replies":[{"embeddable":true,"href":"https:\/\/www.henrichs-restaurant.de\/index.php?rest_route=%2Fwp%2Fv2%2Fcomments&post=460"}],"version-history":[{"count":22,"href":"https:\/\/www.henrichs-restaurant.de\/index.php?rest_route=\/wp\/v2\/pages\/460\/revisions"}],"predecessor-version":[{"id":661,"href":"https:\/\/www.henrichs-restaurant.de\/index.php?rest_route=\/wp\/v2\/pages\/460\/revisions\/661"}],"wp:attachment":[{"href":"https:\/\/www.henrichs-restaurant.de\/index.php?rest_route=%2Fwp%2Fv2%2Fmedia&parent=460"}],"curies":[{"name":"wp","href":"https:\/\/api.w.org\/{rel}","templated":true}]}}