{"id":3,"date":"2024-08-02T09:34:19","date_gmt":"2024-08-02T07:34:19","guid":{"rendered":"https:\/\/new.henrichs-restaurant.de\/?page_id=3"},"modified":"2024-08-21T16:18:08","modified_gmt":"2024-08-21T14:18:08","slug":"datenschutzerklaerung","status":"publish","type":"page","link":"https:\/\/www.henrichs-restaurant.de\/?page_id=3","title":{"rendered":"Datenschutzerkl\u00e4rung"},"content":{"rendered":"\t\t<div data-elementor-type=\"wp-page\" data-elementor-id=\"3\" class=\"elementor elementor-3\">\n\t\t\t\t<div class=\"elementor-element elementor-element-0a2f47b e-flex e-con-boxed e-con e-parent\" data-id=\"0a2f47b\" data-element_type=\"container\" data-e-type=\"container\">\n\t\t\t\t\t<div class=\"e-con-inner\">\n\t\t\t\t<div class=\"elementor-element elementor-element-3666834 elementor-widget elementor-widget-text-editor\" data-id=\"3666834\" data-element_type=\"widget\" data-e-type=\"widget\" data-widget_type=\"text-editor.default\">\n\t\t\t\t<div class=\"elementor-widget-container\">\n\t\t\t\t\t\t\t\t\t<section class=\"has_eae_slider elementor-section elementor-top-section elementor-element elementor-element-989a274 elementor-section-stretched elementor-section-boxed elementor-section-height-default elementor-section-height-default\" data-id=\"989a274\" data-element_type=\"section\" data-settings=\"{&quot;stretch_section&quot;:&quot;section-stretched&quot;}\">\n<div class=\"elementor-container elementor-column-gap-default\">\n<div class=\"has_eae_slider elementor-column elementor-col-100 elementor-top-column elementor-element elementor-element-48afd6c\" data-id=\"48afd6c\" data-element_type=\"column\">\n<div class=\"elementor-widget-wrap elementor-element-populated\">\n<div class=\"elementor-element elementor-element-d2b54e0 elementor-widget elementor-widget-heading\" data-id=\"d2b54e0\" data-element_type=\"widget\" data-widget_type=\"heading.default\">\n<div class=\"elementor-widget-container\">\n<h1 class=\"elementor-heading-title elementor-size-xxl\"><span style=\"color: #000000;\">Allgemeine Datenschutzerkl\u00e4rung<\/span><\/h1>\n<\/div>\n<\/div>\n<\/div>\n<\/div>\n<\/div>\n<\/section>\n<section class=\"has_eae_slider elementor-section elementor-top-section elementor-element elementor-element-aaeba0d elementor-section-stretched elementor-section-boxed elementor-section-height-default elementor-section-height-default\" data-id=\"aaeba0d\" data-element_type=\"section\" data-settings=\"{&quot;stretch_section&quot;:&quot;section-stretched&quot;}\">\n<div class=\"elementor-container elementor-column-gap-default\">\n<div class=\"has_eae_slider elementor-column elementor-col-100 elementor-top-column elementor-element elementor-element-cf78939\" data-id=\"cf78939\" data-element_type=\"column\">\n<div class=\"elementor-widget-wrap elementor-element-populated\">\n<div class=\"elementor-element elementor-element-4287e24 elementor-widget elementor-widget-text-editor\" data-id=\"4287e24\" data-element_type=\"widget\" data-widget_type=\"text-editor.default\">\n<div class=\"elementor-widget-container\">\n<p><span style=\"color: #000000;\">Verantwortlicher im Sinne der Datenschutzgesetze, insbesondere der EU-Datenschutzgrundverordnung (DSGVO), ist:<\/span><\/p>\n<p><span style=\"color: #000000;\">Henrichs Eventgastronomie GmbH \u2013 Gesch\u00e4ftsf\u00fchrer Axel Schelgel \u2013 HRB 35926<\/span><\/p>\n<p><span style=\"color: #000000;\">Werksstra\u00dfe 31-33<\/span><\/p>\n<p><span style=\"color: #000000;\">45527 Hattingen<\/span><\/p>\n<p><span style=\"color: #000000;\">info@henrichs-restaurant.de\u00a0<\/span><\/p>\n<p><span style=\"color: #000000;\" aria-label=\"02324 685963 anrufen\">02324 685963<\/span><\/p>\n<h2><span style=\"color: #000000;\">Allgemeines<\/span><\/h2>\n<p><span style=\"color: #000000;\">Ihre personenbezogenen Daten (z.B. Anrede, Name, Anschrift, E-Mail-Adresse, Telefonnummer) werden von uns nur gem\u00e4\u00df den Bestimmungen des deutschen Datenschutzrechts (BDSG) und des Datenschutzrechts der Europ\u00e4ischen Union (EU-DSGVO) verarbeitet. Die nachfolgenden Vorschriften informieren Sie \u00fcber Art, Umfang und Zweck der Erhebung, Verarbeitung und Nutzung personenbezogener Daten. Diese Datenschutzerkl\u00e4rung bezieht sich nur auf unsere Webseiten. Falls Sie \u00fcber Links auf unserer Seite auf andere Seiten weitergeleitet werden (z.B. Facebook, YouTube, Eventim usw.), informieren Sie sich bitte zus\u00e4tzlich dort \u00fcber den jeweiligen Umgang mit Ihren Daten.<\/span><\/p>\n<h2>\u00a0<\/h2>\n<h2><span style=\"color: #000000;\">Ihre Betroffenenrechte<\/span><\/h2>\n<p><span style=\"color: #000000;\">Unter den angegebenen Kontaktdaten unseres Datenschutzbeauftragten k\u00f6nnen Sie jederzeit folgende Rechte aus\u00fcben:<\/span><\/p>\n<ul>\n<li><span style=\"color: #000000;\">Auskunft \u00fcber Ihre bei uns gespeicherten Daten und deren Verarbeitung (Art. 15 DSGVO),<\/span><\/li>\n<li><span style=\"color: #000000;\">Berichtigung unrichtiger personenbezogener Daten (Art. 16 DSGVO),<\/span><\/li>\n<li><span style=\"color: #000000;\">L\u00f6schung Ihrer bei uns gespeicherten Daten (Art. 17 DSGVO),<\/span><\/li>\n<li><span style=\"color: #000000;\">Einschr\u00e4nkung der Datenverarbeitung, sofern wir Ihre Daten aufgrund gesetzlicher Pflichten noch nicht l\u00f6schen d\u00fcrfen (Art. 18 DSGVO),<\/span><\/li>\n<li><span style=\"color: #000000;\">Widerspruch gegen die Verarbeitung Ihrer Daten bei uns (Art. 21 DSGVO) und<\/span><\/li>\n<li><span style=\"color: #000000;\">Daten\u00fcbertragbarkeit, sofern Sie in die Datenverarbeitung eingewilligt haben oder einen Vertrag mit uns abgeschlossen haben (Art. 20 DSGVO).<\/span><\/li>\n<\/ul>\n<div>\u00a0<\/div>\n<p><span style=\"color: #000000;\">Sofern Sie uns eine Einwilligung erteilt haben, k\u00f6nnen Sie diese jederzeit mit Wirkung f\u00fcr die Zukunft widerrufen.<\/span><\/p>\n<p><span style=\"color: #000000;\">Sie k\u00f6nnen sich jederzeit mit einer Beschwerde an eine Aufsichtsbeh\u00f6rde wenden, z. B. an die zust\u00e4ndige Aufsichtsbeh\u00f6rde des Bundeslands Ihres Wohnsitzes oder an die f\u00fcr uns als verantwortliche Stelle zust\u00e4ndige Beh\u00f6rde.<\/span><\/p>\n<p><span style=\"color: #000000;\">Eine Liste der Aufsichtsbeh\u00f6rden (f\u00fcr den nicht\u00f6ffentlichen Bereich) mit Anschrift finden Sie unter:\u00a0<a style=\"color: #000000;\" href=\"https:\/\/www.bfdi.bund.de\/DE\/Infothek\/Anschriften_Links\/anschriften_links-node.html\" target=\"_blank\" rel=\"noopener\">https:\/\/www.bfdi.bund.de<\/a><\/span><\/p>\n<h2>\u00a0<\/h2>\n<h2><span style=\"color: #000000;\">Erfassung allgemeiner Informationen beim Besuch unserer Website<\/span><\/h2>\n<h3><span style=\"color: #000000;\">Art und Zweck der Verarbeitung:<\/span><\/h3>\n<p><span style=\"color: #000000;\">Wenn Sie auf unsere Website zugreifen, d.h., wenn Sie sich nicht registrieren oder anderweitig Informationen \u00fcbermitteln, werden automatisch Informationen allgemeiner Natur erfasst. Diese Informationen (Server-Logfiles) beinhalten etwa die Art des Webbrowsers, das verwendete Betriebssystem, den Domainnamen Ihres Internet-Service-Providers, Ihre IP-Adresse und \u00e4hnliches.<\/span><\/p>\n<p><span style=\"color: #000000;\">Sie werden insbesondere zu folgenden Zwecken verarbeitet:<\/span><\/p>\n<ul>\n<li><span style=\"color: #000000;\">Sicherstellung eines problemlosen Verbindungsaufbaus der Website,<\/span><\/li>\n<li><span style=\"color: #000000;\">Sicherstellung einer reibungslosen Nutzung unserer Website,<\/span><\/li>\n<li><span style=\"color: #000000;\">Auswertung der Systemsicherheit und -stabilit\u00e4t sowie<\/span><\/li>\n<li><span style=\"color: #000000;\">zur Optimierung unserer Website.<\/span><\/li>\n<\/ul>\n<p><span style=\"color: #000000;\">Wir verwenden Ihre Daten nicht, um R\u00fcckschl\u00fcsse auf Ihre Person zu ziehen. Informationen dieser Art werden von uns ggfs. anonymisiert statistisch ausgewertet, um unseren Internetauftritt und die dahinterstehende Technik zu optimieren.<\/span><\/p>\n<h3><span style=\"color: #000000;\">Rechtsgrundlage und berechtigtes Interesse:<\/span><\/h3>\n<p><span style=\"color: #000000;\">Die Verarbeitung erfolgt gem\u00e4\u00df Art. 6 Abs. 1 lit. f DSGVO auf Basis unseres berechtigten Interesses an der Verbesserung der Stabilit\u00e4t und Funktionalit\u00e4t unserer Website.<\/span><\/p>\n<h3><span style=\"color: #000000;\">Empf\u00e4nger:<\/span><\/h3>\n<p><span style=\"color: #000000;\">Empf\u00e4nger der Daten sind ggf. technische Dienstleister, die f\u00fcr den Betrieb und die Wartung unserer Webseite als Auftragsverarbeiter t\u00e4tig werden.<\/span><\/p>\n<h3><span style=\"color: #000000;\">Speicherdauer:<\/span><\/h3>\n<p><span style=\"color: #000000;\">Die Daten werden gel\u00f6scht, sobald diese f\u00fcr den Zweck der Erhebung nicht mehr erforderlich sind. Dies ist f\u00fcr die Daten, die der Bereitstellung der Website dienen, grunds\u00e4tzlich der Fall, wenn die jeweilige Sitzung beendet ist.<\/span><\/p>\n<p><span style=\"color: #000000;\">Im Falle der Speicherung der Daten in Logfiles ist dies nach sp\u00e4testens 14 Tagen der Fall. Eine dar\u00fcberhinausgehende Speicherung ist m\u00f6glich. In diesem Fall werden die IP-Adressen der Nutzer anonymisiert, sodass eine Zuordnung des aufrufenden Clients nicht mehr m\u00f6glich ist.<\/span><\/p>\n<h3><span style=\"color: #000000;\">Bereitstellung vorgeschrieben oder erforderlich:<\/span><\/h3>\n<p><span style=\"color: #000000;\">Die Bereitstellung der vorgenannten personenbezogenen Daten ist weder gesetzlich noch vertraglich vorgeschrieben. Ohne die IP-Adresse ist jedoch der Dienst und die Funktionsf\u00e4higkeit unserer Website nicht gew\u00e4hrleistet. Zudem k\u00f6nnen einzelne Dienste und Services nicht verf\u00fcgbar oder eingeschr\u00e4nkt sein. Aus diesem Grund ist ein Widerspruch ausgeschlossen.<\/span><\/p>\n<h2>\u00a0<\/h2>\n<h2><span style=\"color: #000000;\">Cookies<\/span><\/h2>\n<p><span style=\"color: #000000;\">Wie viele andere Webseiten verwenden wir auch so genannte \u201eCookies\u201c. Bei Cookies handelt es sich um kleine Textdateien, die auf Ihrem Endger\u00e4t (Laptop, Tablet, Smartphone o.\u00e4.) gespeichert werden, wenn Sie unsere Webseite besuchen.<\/span><\/p>\n<p><span style=\"color: #000000;\">Sie k\u00f6nnen die einzelnen Cookies oder den gesamten Cookie-Bestand l\u00f6schen. Dar\u00fcber hinaus erhalten Sie Informationen und Anleitungen, wie diese Cookies gel\u00f6scht oder deren Speicherung vorab blockiert werden k\u00f6nnen. Je nach Anbieter Ihres Browsers finden Sie die notwendigen Informationen unter den nachfolgenden Links:<\/span><\/p>\n<ul>\n<li><span style=\"color: #000000;\">Mozilla Firefox:\u00a0<a style=\"color: #000000;\" href=\"https:\/\/support.mozilla.org\/de\/kb\/cookies-loeschen-daten-von-websites-entfernen\" target=\"_blank\" rel=\"noopener\">https:\/\/support.mozilla.org<\/a><\/span><\/li>\n<li><span style=\"color: #000000;\">Internet Explorer:\u00a0<a style=\"color: #000000;\" href=\"https:\/\/support.microsoft.com\/de-de\/help\/17442\/windows-internet-explorer-delete-manage-cookies\" target=\"_blank\" rel=\"noopener\">https:\/\/support.microsoft.com<\/a><\/span><\/li>\n<li><span style=\"color: #000000;\">Google Chrome:\u00a0<a style=\"color: #000000;\" href=\"https:\/\/support.google.com\/accounts\/answer\/61416?hl=de\" target=\"_blank\" rel=\"noopener\">https:\/\/support.google.com<\/a><\/span><\/li>\n<li><span style=\"color: #000000;\">Opera:\u00a0<a style=\"color: #000000;\" href=\"http:\/\/www.opera.com\/de\/help\" target=\"_blank\" rel=\"noopener\">http:\/\/www.opera.com<\/a><\/span><\/li>\n<li><span style=\"color: #000000;\">Safari:\u00a0<a style=\"color: #000000;\" href=\"https:\/\/support.apple.com\/kb\/PH17191?locale=de_DE&amp;viewlocale=de_DE\" target=\"_blank\" rel=\"noopener\">https:\/\/support.apple.com<\/a><\/span><\/li>\n<\/ul>\n<h3>\u00a0<\/h3>\n<h3><span style=\"color: #000000;\">Speicherdauer und eingesetzte Cookies:<\/span><\/h3>\n<p><span style=\"color: #000000;\">Soweit Sie uns durch Ihre Browsereinstellungen oder Zustimmung die Verwendung von Cookies erlauben, k\u00f6nnen folgende Cookies auf unseren Webseiten zum Einsatz kommen:<\/span><\/p>\n<ul>\n<li><span style=\"color: #000000;\">technisch notwendige Cookies<\/span><\/li>\n<\/ul>\n<h2>\u00a0<\/h2>\n<h2><span style=\"color: #000000;\">Technisch notwendige Cookies<\/span><\/h2>\n<h3><span style=\"color: #000000;\">Art und Zweck der Verarbeitung:<\/span><\/h3>\n<p><span style=\"color: #000000;\">Wir setzen Cookies ein, um unsere Website nutzerfreundlicher zu gestalten. Einige Elemente unserer Internetseite erfordern es, dass der aufrufende Browser auch nach einem Seitenwechsel identifiziert werden kann.<\/span><\/p>\n<p><span style=\"color: #000000;\">Der Zweck der Verwendung technisch notwendiger Cookies ist, die Nutzung von Websites f\u00fcr die Nutzer zu vereinfachen. Einige Funktionen unserer Internetseite k\u00f6nnen ohne den Einsatz von Cookies nicht angeboten werden. F\u00fcr diese ist es erforderlich, dass der Browser auch nach einem Seitenwechsel wiedererkannt wird.<\/span><\/p>\n<h3><span style=\"color: #000000;\">Rechtsgrundlage und berechtigtes Interesse:<\/span><\/h3>\n<p><span style=\"color: #000000;\">Die Verarbeitung erfolgt gem\u00e4\u00df Art. 6 Abs. 1 lit. f DSGVO auf Basis unseres berechtigten Interesses an einer nutzerfreundlichen Gestaltung unserer Website.<\/span><\/p>\n<h3><span style=\"color: #000000;\">Empf\u00e4nger:<\/span><\/h3>\n<p><span style=\"color: #000000;\">Empf\u00e4nger der Daten sind ggf. technische Dienstleister, die f\u00fcr den Betrieb und die Wartung unserer Website als Auftragsverarbeiter t\u00e4tig werden.<\/span><\/p>\n<ul>\n<li><span style=\"color: #000000;\">WordPress<\/span><\/li>\n<\/ul>\n<h3><span style=\"color: #000000;\">Bereitstellung vorgeschrieben oder erforderlich:<\/span><\/h3>\n<p><span style=\"color: #000000;\">Die Bereitstellung der vorgenannten personenbezogenen Daten ist weder gesetzlich noch vertraglich vorgeschrieben. Ohne diese Daten ist jedoch der Dienst und die Funktionsf\u00e4higkeit unserer Website nicht gew\u00e4hrleistet. Zudem k\u00f6nnen einzelne Dienste und Services nicht verf\u00fcgbar oder eingeschr\u00e4nkt sein.<\/span><\/p>\n<h3><span style=\"color: #000000;\">Widerspruch<\/span><\/h3>\n<p><span style=\"color: #000000;\">Lesen Sie dazu die Informationen \u00fcber Ihr Widerspruchsrecht nach Art. 21 DSGVO weiter unten.<\/span><\/p>\n<h2><span style=\"color: #000000;\">Newsletter<\/span><\/h2>\n<p><span style=\"color: #000000;\">Dieser Service wird zurzeit nicht angeboten. Wenn Sie bereits Empf\u00e4nger unseres Newsletters sind, entnehmen Sie alle notwendigen Informationen der folgenden Dokumentation.<\/span><\/p>\n<h3><span style=\"color: #000000;\">Art und Zweck der Verarbeitung:<\/span><\/h3>\n<p><span style=\"color: #000000;\">F\u00fcr die Zustellung unseres Newsletters erheben wir personenbezogene Daten, die \u00fcber eine Eingabemaske an uns \u00fcbermittelt werden.<\/span><\/p>\n<p><span style=\"color: #000000;\">F\u00fcr eine wirksame Registrierung ben\u00f6tigen wir eine valide E-Mail-Adresse. Um zu \u00fcberpr\u00fcfen, dass eine Anmeldung tats\u00e4chlich durch den Inhaber einer E-Mail-Adresse erfolgt, setzen wir das \u201eDouble-Opt-in\u201c-Verfahren ein. Hierzu protokollieren wir die Anmeldung zum Newsletter, den Versand einer Best\u00e4tigungsmail und den Eingang der hiermit angeforderten Antwort. Weitere Daten werden nicht erhoben.<\/span><\/p>\n<p><span style=\"color: #000000;\">Zum Zeitpunkt der Newsletter-Abonierung werden zus\u00e4tzlich folgende Daten erhoben:<\/span><\/p>\n<ul>\n<li><span style=\"color: #000000;\">IP-Adresse &amp; Zeitstempel<\/span><\/li>\n<\/ul>\n<div>\u00a0<\/div>\n<h3><span style=\"color: #000000;\">Rechtsgrundlage:<\/span><\/h3>\n<p><span style=\"color: #000000;\">Auf Grundlage Ihrer ausdr\u00fccklich erteilten Einwilligung (Art. 6 Abs. 1 lit. a DSGVO), \u00fcbersenden wir Ihnen regelm\u00e4\u00dfig unseren Newsletter bzw. vergleichbare Informationen per E-Mail an Ihre angegebene E-Mail-Adresse.<\/span><\/p>\n<p><span style=\"color: #000000;\">Die Einwilligung zur Speicherung Ihrer pers\u00f6nlichen Daten und ihrer Nutzung f\u00fcr den Newsletterversand k\u00f6nnen Sie jederzeit mit Wirkung f\u00fcr die Zukunft widerrufen. In jedem Newsletter findet sich dazu ein entsprechender Link. Au\u00dferdem k\u00f6nnen Sie sich jederzeit auch direkt auf dieser Website abmelden oder uns Ihren Widerruf \u00fcber die am Ende dieser Datenschutzhinweise angegebene Kontaktm\u00f6glichkeit mitteilen.<\/span><\/p>\n<h3><span style=\"color: #000000;\">Empf\u00e4nger:<\/span><\/h3>\n<p><span style=\"color: #000000;\">Empf\u00e4nger der Daten sind ggf. Auftragsverarbeiter: WordPress<\/span><\/p>\n<h3><span style=\"color: #000000;\">Speicherdauer:<\/span><\/h3>\n<p><span style=\"color: #000000;\">Die Daten werden in diesem Zusammenhang nur verarbeitet, solange die entsprechende Einwilligung vorliegt. Danach werden sie gel\u00f6scht.<\/span><\/p>\n<h3><span style=\"color: #000000;\">Bereitstellung vorgeschrieben oder erforderlich:<\/span><\/h3>\n<p><span style=\"color: #000000;\">Die Bereitstellung Ihrer personenbezogenen Daten erfolgt freiwillig, allein auf Basis Ihrer Einwilligung. Ohne bestehende Einwilligung k\u00f6nnen wir Ihnen unseren Newsletter leider nicht zusenden.<\/span><\/p>\n<h3><span style=\"color: #000000;\">Widerruf der Einwilligung:<\/span><\/h3>\n<p><span style=\"color: #000000;\">Die Einwilligung zur Speicherung Ihrer pers\u00f6nlichen Daten und ihrer Nutzung f\u00fcr den Newsletterversand k\u00f6nnen Sie jederzeit mit Wirkung f\u00fcr die Zukunft widerrufen. Die Abmeldung kann \u00fcber den in jeder E-Mail enthaltenen Link oder beim unten aufgef\u00fchrten Datenschutzbeauftragten bzw. der f\u00fcr den Datenschutz zust\u00e4ndigen Person beantragt werden.<\/span><\/p>\n<h2><span style=\"color: #000000;\">Kontaktformular<\/span><\/h2>\n<h3><span style=\"color: #000000;\">Art und Zweck der Verarbeitung:<\/span><\/h3>\n<p><span style=\"color: #000000;\">Die von Ihnen eingegebenen Daten werden zum Zweck der individuellen Kommunikation mit Ihnen gespeichert. Hierf\u00fcr ist die Angabe einer validen E-Mail-Adresse sowie Ihres Namens erforderlich. Diese dient der Zuordnung der Anfrage und der anschlie\u00dfenden Beantwortung derselben. Die Angabe weiterer Daten ist optional.<\/span><\/p>\n<h3><span style=\"color: #000000;\">Rechtsgrundlage:<\/span><\/h3>\n<p><span style=\"color: #000000;\">Die Verarbeitung der in das Kontaktformular eingegebenen Daten erfolgt auf der Grundlage eines berechtigten Interesses (Art. 6 Abs. 1 lit. f DSGVO).<\/span><\/p>\n<p><span style=\"color: #000000;\">Durch Bereitstellung des Kontaktformulars m\u00f6chten wir Ihnen eine unkomplizierte Kontaktaufnahme erm\u00f6glichen. Ihre gemachten Angaben werden zum Zwecke der Bearbeitung der Anfrage sowie f\u00fcr m\u00f6gliche Anschlussfragen gespeichert.<\/span><\/p>\n<p><span style=\"color: #000000;\">Sofern Sie mit uns Kontakt aufnehmen, um ein Angebot zu erfragen, erfolgt die Verarbeitung der in das Kontaktformular eingegebenen Daten zur Durchf\u00fchrung vorvertraglicher Ma\u00dfnahmen (Art. 6 Abs. 1 lit. b DSGVO).<\/span><\/p>\n<h3><span style=\"color: #000000;\">Empf\u00e4nger:<\/span><\/h3>\n<p><span style=\"color: #000000;\">Empf\u00e4nger der Daten sind Mitarbeiter der Henrichs Eventgastronomie GmbH.<\/span><\/p>\n<h3><span style=\"color: #000000;\">Speicherdauer:<\/span><\/h3>\n<p><span style=\"color: #000000;\">Daten werden sp\u00e4testens 6 Monate nach Bearbeitung der Anfrage gel\u00f6scht.<\/span><\/p>\n<p><span style=\"color: #000000;\">Sofern es zu einem Vertragsverh\u00e4ltnis kommt, unterliegen wir den gesetzlichen Aufbewahrungsfristen nach HGB und l\u00f6schen Ihre Daten nach Ablauf dieser Fristen.<\/span><\/p>\n<h3><span style=\"color: #000000;\">Bereitstellung vorgeschrieben oder erforderlich:<\/span><\/h3>\n<p><span style=\"color: #000000;\">Die Bereitstellung Ihrer personenbezogenen Daten erfolgt freiwillig. Wir k\u00f6nnen Ihre Anfrage jedoch nur bearbeiten, sofern Sie uns Ihren Namen, Ihre E-Mail-Adresse und den Grund der Anfrage mitteilen.<\/span><\/p>\n<h2>\u00a0<\/h2>\n<h2><span style=\"color: #000000;\">SSL-Verschl\u00fcsselung<\/span><\/h2>\n<p><span style=\"color: #000000;\">Um die Sicherheit Ihrer Daten bei der \u00dcbertragung zu sch\u00fctzen, verwenden wir dem aktuellen Stand der Technik entsprechende Verschl\u00fcsselungsverfahren (z. B. SSL) \u00fcber HTTPS.<\/span><\/p>\n<h2>\u00a0<\/h2>\n<h2><span style=\"color: #000000;\">Information \u00fcber Ihr Widerspruchsrecht nach Art. 21 DSGVO<\/span><\/h2>\n<h3><span style=\"color: #000000;\">Einzelfallbezogenes Widerspruchsrecht<\/span><\/h3>\n<p><span style=\"color: #000000;\">Sie haben das Recht, aus Gr\u00fcnden, die sich aus Ihrer besonderen Situation ergeben, jederzeit gegen die Verarbeitung Sie betreffender personenbezogener Daten, die aufgrund Art. 6 Abs. 1 lit. f DSGVO (Datenverarbeitung auf der Grundlage einer Interessenabw\u00e4gung) erfolgt, Widerspruch einzulegen; dies gilt auch f\u00fcr ein auf diese Bestimmung gest\u00fctztes Profiling im Sinne von Art. 4 Nr. 4 DSGVO.<\/span><\/p>\n<p><span style=\"color: #000000;\">Legen Sie Widerspruch ein, werden wir Ihre personenbezogenen Daten nicht mehr verarbeiten, es sei denn, wir k\u00f6nnen zwingende schutzw\u00fcrdige Gr\u00fcnde f\u00fcr die Verarbeitung nachweisen, die Ihre Interessen, Rechte und Freiheiten \u00fcberwiegen, oder die Verarbeitung dient der Geltendmachung, Aus\u00fcbung oder Verteidigung von Rechtsanspr\u00fcchen.<\/span><\/p>\n<h3><span style=\"color: #000000;\">Empf\u00e4nger eines Widerspruchs<\/span><\/h3>\n<p><span style=\"color: #000000;\">Henrichs Eventgastronomie GmbH \u2013 Gesch\u00e4ftsf\u00fchrer Axel Schelgel \u2013 HRB 35926<\/span><\/p>\n<p><span style=\"color: #000000;\">Werksstra\u00dfe 31-33<\/span><\/p>\n<p><span style=\"color: #000000;\">45527 Hattingen<\/span><\/p>\n<p><span style=\"color: #000000;\">info@henrichs-restaurant.de\u00a0<\/span><\/p>\n<p><span style=\"color: #000000;\" aria-label=\"02324 685963 anrufen\">02324 685963<\/span><\/p>\n<h2><span style=\"color: #000000;\">\u00c4nderung unserer Datenschutzbestimmungen<\/span><\/h2>\n<p><span style=\"color: #000000;\">Wir behalten uns vor, diese Datenschutzerkl\u00e4rung anzupassen, damit sie stets den aktuellen rechtlichen Anforderungen entspricht oder um \u00c4nderungen unserer Leistungen in der Datenschutzerkl\u00e4rung umzusetzen, z.B. bei der Einf\u00fchrung neuer Services. F\u00fcr Ihren erneuten Besuch gilt dann die neue Datenschutzerkl\u00e4rung.<\/span><\/p>\n<h2>\u00a0<\/h2>\n<h2><span style=\"color: #000000;\">Fragen zum Datenschutz<\/span><\/h2>\n<p><span style=\"color: #000000;\">Wenn Sie Fragen zum Datenschutz haben, schreiben Sie uns bitte eine E-Mail oder wenden Sie sich direkt an die f\u00fcr den Datenschutz verantwortliche Person in unserem Verein:<\/span><\/p>\n<p><span style=\"color: #000000;\">info@henrichs-restaurant.de<\/span><\/p>\n<\/div>\n<\/div>\n<\/div>\n<\/div>\n<\/div>\n<\/section>\t\t\t\t\t\t\t\t<\/div>\n\t\t\t\t<\/div>\n\t\t\t\t\t<\/div>\n\t\t\t\t<\/div>\n\t\t\t\t<\/div>\n\t\t","protected":false},"excerpt":{"rendered":"<p>Allgemeine Datenschutzerkl\u00e4rung Verantwortlicher im Sinne der Datenschutzgesetze, insbesondere der EU-Datenschutzgrundverordnung (DSGVO), ist: Henrichs Eventgastronomie GmbH \u2013 Gesch\u00e4ftsf\u00fchrer Axel Schelgel \u2013 HRB 35926 Werksstra\u00dfe 31-33 45527 Hattingen info@henrichs-restaurant.de\u00a0 02324 685963 Allgemeines Ihre personenbezogenen Daten (z.B. Anrede, Name, Anschrift, E-Mail-Adresse, Telefonnummer) werden von uns nur gem\u00e4\u00df den Bestimmungen des deutschen Datenschutzrechts (BDSG) und des Datenschutzrechts der Europ\u00e4ischen [&hellip;]<\/p>\n","protected":false},"author":1,"featured_media":0,"parent":0,"menu_order":0,"comment_status":"closed","ping_status":"open","template":"elementor_header_footer","meta":{"footnotes":""},"class_list":["post-3","page","type-page","status-publish","hentry","entry"],"_links":{"self":[{"href":"https:\/\/www.henrichs-restaurant.de\/index.php?rest_route=\/wp\/v2\/pages\/3","targetHints":{"allow":["GET"]}}],"collection":[{"href":"https:\/\/www.henrichs-restaurant.de\/index.php?rest_route=\/wp\/v2\/pages"}],"about":[{"href":"https:\/\/www.henrichs-restaurant.de\/index.php?rest_route=\/wp\/v2\/types\/page"}],"author":[{"embeddable":true,"href":"https:\/\/www.henrichs-restaurant.de\/index.php?rest_route=\/wp\/v2\/users\/1"}],"replies":[{"embeddable":true,"href":"https:\/\/www.henrichs-restaurant.de\/index.php?rest_route=%2Fwp%2Fv2%2Fcomments&post=3"}],"version-history":[{"count":12,"href":"https:\/\/www.henrichs-restaurant.de\/index.php?rest_route=\/wp\/v2\/pages\/3\/revisions"}],"predecessor-version":[{"id":340,"href":"https:\/\/www.henrichs-restaurant.de\/index.php?rest_route=\/wp\/v2\/pages\/3\/revisions\/340"}],"wp:attachment":[{"href":"https:\/\/www.henrichs-restaurant.de\/index.php?rest_route=%2Fwp%2Fv2%2Fmedia&parent=3"}],"curies":[{"name":"wp","href":"https:\/\/api.w.org\/{rel}","templated":true}]}}