{"id":27,"date":"2024-08-09T11:16:50","date_gmt":"2024-08-09T09:16:50","guid":{"rendered":"https:\/\/new.henrichs-restaurant.de\/?page_id=27"},"modified":"2026-04-24T18:17:21","modified_gmt":"2026-04-24T16:17:21","slug":"restaurant","status":"publish","type":"page","link":"https:\/\/www.henrichs-restaurant.de\/?page_id=27","title":{"rendered":"Restaurant"},"content":{"rendered":"\t\t<div data-elementor-type=\"wp-page\" data-elementor-id=\"27\" class=\"elementor elementor-27\">\n\t\t\t\t<div class=\"elementor-element elementor-element-ff17fcf e-flex e-con-boxed e-con e-parent\" data-id=\"ff17fcf\" data-element_type=\"container\" data-e-type=\"container\" data-settings=\"{&quot;background_background&quot;:&quot;classic&quot;}\">\n\t\t\t\t\t<div class=\"e-con-inner\">\n\t\t\t\t<div class=\"elementor-element elementor-element-ec328ca elementor-arrows-position-inside elementor-pagination-position-outside elementor-widget elementor-widget-image-carousel\" data-id=\"ec328ca\" data-element_type=\"widget\" data-e-type=\"widget\" data-settings=\"{&quot;navigation&quot;:&quot;both&quot;,&quot;autoplay&quot;:&quot;yes&quot;,&quot;pause_on_hover&quot;:&quot;yes&quot;,&quot;pause_on_interaction&quot;:&quot;yes&quot;,&quot;autoplay_speed&quot;:5000,&quot;infinite&quot;:&quot;yes&quot;,&quot;speed&quot;:500}\" data-widget_type=\"image-carousel.default\">\n\t\t\t\t<div class=\"elementor-widget-container\">\n\t\t\t\t\t\t\t<div class=\"elementor-image-carousel-wrapper swiper\" role=\"region\" aria-roledescription=\"carousel\" aria-label=\"Bilderkarussell\" dir=\"ltr\">\n\t\t\t<div class=\"elementor-image-carousel swiper-wrapper\" aria-live=\"off\">\n\t\t\t\t\t\t\t\t<div class=\"swiper-slide\" role=\"group\" aria-roledescription=\"slide\" aria-label=\"1 von 6\"><figure class=\"swiper-slide-inner\"><img decoding=\"async\" class=\"swiper-slide-image\" src=\"https:\/\/www.henrichs-restaurant.de\/wp-content\/uploads\/2024\/08\/Schweinemedallions-768x576.jpeg\" alt=\"Schweinemedallions\" \/><\/figure><\/div><div class=\"swiper-slide\" role=\"group\" aria-roledescription=\"slide\" aria-label=\"2 von 6\"><figure class=\"swiper-slide-inner\"><img decoding=\"async\" class=\"swiper-slide-image\" src=\"https:\/\/www.henrichs-restaurant.de\/wp-content\/uploads\/2024\/08\/Schweinefiletmedaillons-mit-Roestihaube-768x576.jpeg\" alt=\"Schweinefiletmedaillons mit R\u00f6stihaube\" \/><\/figure><\/div><div class=\"swiper-slide\" role=\"group\" aria-roledescription=\"slide\" aria-label=\"3 von 6\"><figure class=\"swiper-slide-inner\"><img decoding=\"async\" class=\"swiper-slide-image\" src=\"https:\/\/www.henrichs-restaurant.de\/wp-content\/uploads\/2024\/08\/Waffel-mit-heissen-Kirschen-768x576.jpeg\" alt=\"Waffel mit hei\u00dfen Kirschen\" \/><\/figure><\/div><div class=\"swiper-slide\" role=\"group\" aria-roledescription=\"slide\" aria-label=\"4 von 6\"><figure class=\"swiper-slide-inner\"><img decoding=\"async\" class=\"swiper-slide-image\" src=\"https:\/\/www.henrichs-restaurant.de\/wp-content\/uploads\/2024\/08\/Sellerie-Carpaccio-768x576.jpeg\" alt=\"Sellerie Carpaccio\" \/><\/figure><\/div><div class=\"swiper-slide\" role=\"group\" aria-roledescription=\"slide\" aria-label=\"5 von 6\"><figure class=\"swiper-slide-inner\"><img decoding=\"async\" class=\"swiper-slide-image\" src=\"https:\/\/www.henrichs-restaurant.de\/wp-content\/uploads\/2024\/08\/Lachsfilet-768x576.jpeg\" alt=\"Lachsfilet\" \/><\/figure><\/div><div class=\"swiper-slide\" role=\"group\" aria-roledescription=\"slide\" aria-label=\"6 von 6\"><figure class=\"swiper-slide-inner\"><img decoding=\"async\" class=\"swiper-slide-image\" src=\"https:\/\/www.henrichs-restaurant.de\/wp-content\/uploads\/2024\/08\/Kaninchen-768x576.jpeg\" alt=\"Kaninchen\" \/><\/figure><\/div>\t\t\t<\/div>\n\t\t\t\t\t\t\t\t\t\t\t\t<div class=\"elementor-swiper-button elementor-swiper-button-prev\" role=\"button\" tabindex=\"0\">\n\t\t\t\t\t\t<svg aria-hidden=\"true\" class=\"e-font-icon-svg e-eicon-chevron-left\" viewBox=\"0 0 1000 1000\" xmlns=\"http:\/\/www.w3.org\/2000\/svg\"><path d=\"M646 125C629 125 613 133 604 142L308 442C296 454 292 471 292 487 292 504 296 521 308 533L604 854C617 867 629 875 646 875 663 875 679 871 692 858 704 846 713 829 713 812 713 796 708 779 692 767L438 487 692 225C700 217 708 204 708 187 708 171 704 154 692 142 675 129 663 125 646 125Z\"><\/path><\/svg>\t\t\t\t\t<\/div>\n\t\t\t\t\t<div class=\"elementor-swiper-button elementor-swiper-button-next\" role=\"button\" tabindex=\"0\">\n\t\t\t\t\t\t<svg aria-hidden=\"true\" class=\"e-font-icon-svg e-eicon-chevron-right\" viewBox=\"0 0 1000 1000\" xmlns=\"http:\/\/www.w3.org\/2000\/svg\"><path d=\"M696 533C708 521 713 504 713 487 713 471 708 454 696 446L400 146C388 133 375 125 354 125 338 125 325 129 313 142 300 154 292 171 292 187 292 204 296 221 308 233L563 492 304 771C292 783 288 800 288 817 288 833 296 850 308 863 321 871 338 875 354 875 371 875 388 867 400 854L696 533Z\"><\/path><\/svg>\t\t\t\t\t<\/div>\n\t\t\t\t\n\t\t\t\t\t\t\t\t\t<div class=\"swiper-pagination\"><\/div>\n\t\t\t\t\t\t\t\t\t<\/div>\n\t\t\t\t\t\t<\/div>\n\t\t\t\t<\/div>\n\t\t\t\t\t<\/div>\n\t\t\t\t<\/div>\n\t\t<div class=\"elementor-element elementor-element-c36672a e-flex e-con-boxed e-con e-parent\" data-id=\"c36672a\" data-element_type=\"container\" data-e-type=\"container\">\n\t\t\t\t\t<div class=\"e-con-inner\">\n\t\t<div class=\"elementor-element elementor-element-8b93ecb e-con-full e-flex e-con e-child\" data-id=\"8b93ecb\" data-element_type=\"container\" data-e-type=\"container\">\n\t\t\t\t<div class=\"elementor-element elementor-element-c787d1b elementor-widget elementor-widget-text-editor\" data-id=\"c787d1b\" data-element_type=\"widget\" data-e-type=\"widget\" data-widget_type=\"text-editor.default\">\n\t\t\t\t<div class=\"elementor-widget-container\">\n\t\t\t\t\t\t\t\t\t<p>Das Henrichs blickt in seinen jungen Jahren schon auf eine bewegte Geschichte zur\u00fcck.<\/p><p>Seit 2004 sind wir schon in Hattingen t\u00e4tig. Die Philosophie unseres Hauses l\u00e4sst sich auf allen Ebenen auf eine Formel reduzieren: Geschichte trifft auf Moderne. In unseren R\u00e4umlichkeiten verschmelzen wir modernes Design mit der Tradition des Ruhrgebiets.<\/p><p>Stahl und Industrieoptik erscheinen so in einem modernen und frischem Gewand und flankieren so gekonnt unsere Speisen. Auch hier fusionieren wir klassische Gerichte mit modernen Einfl\u00fcssen. Werfen Sie einen Blick auf unsere Bistrokarte und entdecken Sie unsere K\u00fcche.<\/p><p>Mehr als ein Restaurant<\/p><p>Wir sind jedoch mehr als nur ein Restaurant: Ob Sitzung, Tagung, hausinterne Versammlungen, Hochzeit oder Jubil\u00e4um: Sie k\u00f6nnen sich bei Ihrer Veranstaltung voll und ganz auf unser Know-How und K\u00f6nnen verlassen.<\/p><p>Nicht nur die Auswahl von Speisen und Getr\u00e4nken geh\u00f6rt zu unserem Repertoire. Auch die Organisation und die Suche nach einem originellen Rahmenprogramm \u00fcbernehmen wir gerne. Als Location f\u00fcr Ihre Event stehen unter anderem das Henrichs-Restaurant und die angrenzende Gebl\u00e4sehalle zu Verf\u00fcgung.<\/p>\t\t\t\t\t\t\t\t<\/div>\n\t\t\t\t<\/div>\n\t\t\t\t<div class=\"elementor-element elementor-element-dd25083 elementor-widget elementor-widget-text-editor\" data-id=\"dd25083\" data-element_type=\"widget\" data-e-type=\"widget\" data-widget_type=\"text-editor.default\">\n\t\t\t\t<div class=\"elementor-widget-container\">\n\t\t\t\t\t\t\t\t\t<p>W\u00e4hrend der Revierkunst (24.04. &#8211; 03.05) gibt es nur die Gerichte aus der Revierkunst Karte.<\/p><p><a href=\"https:\/\/www.henrichs-restaurant.de\/wp-content\/uploads\/2026\/04\/Speisenkarte-Revierkunst-2026.docx\">Zur Revierkunstkarte<\/a><\/p><p>\u00a0<\/p>\t\t\t\t\t\t\t\t<\/div>\n\t\t\t\t<\/div>\n\t\t\t\t<div class=\"elementor-element elementor-element-2698bed elementor-widget elementor-widget-text-editor\" data-id=\"2698bed\" data-element_type=\"widget\" data-e-type=\"widget\" data-widget_type=\"text-editor.default\">\n\t\t\t\t<div class=\"elementor-widget-container\">\n\t\t\t\t\t\t\t\t\t<p><a href=\"https:\/\/www.henrichs-restaurant.de\/wp-content\/uploads\/2026\/03\/Bistrokarte-Maerz-26-formatiert-altes-Format-Kopie.pdf\">Bistrokarte<\/a><\/p>\t\t\t\t\t\t\t\t<\/div>\n\t\t\t\t<\/div>\n\t\t\t\t<\/div>\n\t\t<div class=\"elementor-element elementor-element-8f20f58 e-con-full e-flex e-con e-child\" data-id=\"8f20f58\" data-element_type=\"container\" data-e-type=\"container\">\n\t\t\t\t<div class=\"elementor-element elementor-element-c27dc36 elementor-widget elementor-widget-image\" data-id=\"c27dc36\" data-element_type=\"widget\" data-e-type=\"widget\" data-widget_type=\"image.default\">\n\t\t\t\t<div class=\"elementor-widget-container\">\n\t\t\t\t\t\t\t\t\t\t\t\t\t\t\t<img fetchpriority=\"high\" decoding=\"async\" width=\"1024\" height=\"576\" src=\"https:\/\/www.henrichs-restaurant.de\/wp-content\/uploads\/2024\/08\/DSC05813-1024x576.jpg\" class=\"attachment-large size-large wp-image-282\" alt=\"\" srcset=\"https:\/\/www.henrichs-restaurant.de\/wp-content\/uploads\/2024\/08\/DSC05813-1024x576.jpg 1024w, https:\/\/www.henrichs-restaurant.de\/wp-content\/uploads\/2024\/08\/DSC05813-300x169.jpg 300w, https:\/\/www.henrichs-restaurant.de\/wp-content\/uploads\/2024\/08\/DSC05813-768x432.jpg 768w, https:\/\/www.henrichs-restaurant.de\/wp-content\/uploads\/2024\/08\/DSC05813-1536x864.jpg 1536w, https:\/\/www.henrichs-restaurant.de\/wp-content\/uploads\/2024\/08\/DSC05813-2048x1152.jpg 2048w, https:\/\/www.henrichs-restaurant.de\/wp-content\/uploads\/2024\/08\/DSC05813-800x450.jpg 800w\" sizes=\"(max-width: 1024px) 100vw, 1024px\" \/>\t\t\t\t\t\t\t\t\t\t\t\t\t\t\t<\/div>\n\t\t\t\t<\/div>\n\t\t\t\t<div class=\"elementor-element elementor-element-55d1f2b elementor-widget elementor-widget-image\" data-id=\"55d1f2b\" data-element_type=\"widget\" data-e-type=\"widget\" data-widget_type=\"image.default\">\n\t\t\t\t<div class=\"elementor-widget-container\">\n\t\t\t\t\t\t\t\t\t\t\t\t\t\t\t<img decoding=\"async\" width=\"1024\" height=\"576\" src=\"https:\/\/www.henrichs-restaurant.de\/wp-content\/uploads\/2024\/08\/DSC05831-1024x576.jpg\" class=\"attachment-large size-large wp-image-299\" alt=\"\" srcset=\"https:\/\/www.henrichs-restaurant.de\/wp-content\/uploads\/2024\/08\/DSC05831-1024x576.jpg 1024w, https:\/\/www.henrichs-restaurant.de\/wp-content\/uploads\/2024\/08\/DSC05831-300x169.jpg 300w, https:\/\/www.henrichs-restaurant.de\/wp-content\/uploads\/2024\/08\/DSC05831-768x432.jpg 768w, https:\/\/www.henrichs-restaurant.de\/wp-content\/uploads\/2024\/08\/DSC05831-1536x864.jpg 1536w, https:\/\/www.henrichs-restaurant.de\/wp-content\/uploads\/2024\/08\/DSC05831-2048x1152.jpg 2048w, https:\/\/www.henrichs-restaurant.de\/wp-content\/uploads\/2024\/08\/DSC05831-800x450.jpg 800w\" sizes=\"(max-width: 1024px) 100vw, 1024px\" \/>\t\t\t\t\t\t\t\t\t\t\t\t\t\t\t<\/div>\n\t\t\t\t<\/div>\n\t\t\t\t<\/div>\n\t\t\t\t\t<\/div>\n\t\t\t\t<\/div>\n\t\t\t\t<\/div>\n\t\t","protected":false},"excerpt":{"rendered":"<p>Das Henrichs blickt in seinen jungen Jahren schon auf eine bewegte Geschichte zur\u00fcck. Seit 2004 sind wir schon in Hattingen t\u00e4tig. Die Philosophie unseres Hauses l\u00e4sst sich auf allen Ebenen auf eine Formel reduzieren: Geschichte trifft auf Moderne. In unseren R\u00e4umlichkeiten verschmelzen wir modernes Design mit der Tradition des Ruhrgebiets. Stahl und Industrieoptik erscheinen so [&hellip;]<\/p>\n","protected":false},"author":1,"featured_media":0,"parent":0,"menu_order":0,"comment_status":"closed","ping_status":"closed","template":"elementor_header_footer","meta":{"footnotes":""},"class_list":["post-27","page","type-page","status-publish","hentry","entry"],"_links":{"self":[{"href":"https:\/\/www.henrichs-restaurant.de\/index.php?rest_route=\/wp\/v2\/pages\/27","targetHints":{"allow":["GET"]}}],"collection":[{"href":"https:\/\/www.henrichs-restaurant.de\/index.php?rest_route=\/wp\/v2\/pages"}],"about":[{"href":"https:\/\/www.henrichs-restaurant.de\/index.php?rest_route=\/wp\/v2\/types\/page"}],"author":[{"embeddable":true,"href":"https:\/\/www.henrichs-restaurant.de\/index.php?rest_route=\/wp\/v2\/users\/1"}],"replies":[{"embeddable":true,"href":"https:\/\/www.henrichs-restaurant.de\/index.php?rest_route=%2Fwp%2Fv2%2Fcomments&post=27"}],"version-history":[{"count":70,"href":"https:\/\/www.henrichs-restaurant.de\/index.php?rest_route=\/wp\/v2\/pages\/27\/revisions"}],"predecessor-version":[{"id":1500,"href":"https:\/\/www.henrichs-restaurant.de\/index.php?rest_route=\/wp\/v2\/pages\/27\/revisions\/1500"}],"wp:attachment":[{"href":"https:\/\/www.henrichs-restaurant.de\/index.php?rest_route=%2Fwp%2Fv2%2Fmedia&parent=27"}],"curies":[{"name":"wp","href":"https:\/\/api.w.org\/{rel}","templated":true}]}}