{"id":1348,"date":"2026-02-13T15:26:04","date_gmt":"2026-02-13T14:26:04","guid":{"rendered":"https:\/\/www.henrichs-restaurant.de\/?page_id=1348"},"modified":"2026-02-13T16:19:10","modified_gmt":"2026-02-13T15:19:10","slug":"firmenevents","status":"publish","type":"page","link":"https:\/\/www.henrichs-restaurant.de\/?page_id=1348","title":{"rendered":"Firmenevents"},"content":{"rendered":"\t\t<div data-elementor-type=\"wp-page\" data-elementor-id=\"1348\" class=\"elementor elementor-1348\">\n\t\t\t\t<div class=\"elementor-element elementor-element-1ff91c1 e-flex e-con-boxed e-con e-parent\" data-id=\"1ff91c1\" data-element_type=\"container\" data-e-type=\"container\" data-settings=\"{&quot;background_background&quot;:&quot;classic&quot;}\">\n\t\t\t\t\t<div class=\"e-con-inner\">\n\t\t\t\t<div class=\"elementor-element elementor-element-7fdb085 elementor-widget elementor-widget-heading\" data-id=\"7fdb085\" data-element_type=\"widget\" data-e-type=\"widget\" data-widget_type=\"heading.default\">\n\t\t\t\t<div class=\"elementor-widget-container\">\n\t\t\t\t\t<h2 class=\"elementor-heading-title elementor-size-default\">Firmenevents mit Charakter<br> im Industrieambiente der Henrichsh\u00fctte<\/h2>\t\t\t\t<\/div>\n\t\t\t\t<\/div>\n\t\t\t\t\t<\/div>\n\t\t\t\t<\/div>\n\t\t<div class=\"elementor-element elementor-element-73aad9e e-flex e-con-boxed e-con e-parent\" data-id=\"73aad9e\" data-element_type=\"container\" data-e-type=\"container\" data-settings=\"{&quot;background_background&quot;:&quot;classic&quot;}\">\n\t\t\t\t\t<div class=\"e-con-inner\">\n\t\t<div class=\"elementor-element elementor-element-509d95c e-con-full e-flex e-con e-child\" data-id=\"509d95c\" data-element_type=\"container\" data-e-type=\"container\">\n\t\t\t\t<div class=\"elementor-element elementor-element-07ed43e elementor-widget elementor-widget-text-editor\" data-id=\"07ed43e\" data-element_type=\"widget\" data-e-type=\"widget\" data-widget_type=\"text-editor.default\">\n\t\t\t\t<div class=\"elementor-widget-container\">\n\t\t\t\t\t\t\t\t\t<p data-start=\"205\" data-end=\"388\">Ob Tagung, Get-together, Messe, Jahresauftakt, Sommerfest oder stilvolle Abendveranstaltung \u2013 bei uns wird aus Ihrer Firmenveranstaltung ein besonderes Erlebnis.<\/p><p data-start=\"390\" data-end=\"574\">Mitten im Ruhrgebiet verbinden wir professionelles Eventmanagement mit einzigartigem Industriecharme \u2013 und schaffen den passenden Rahmen f\u00fcr Veranstaltungen, die Eindruck hinterlassen.<\/p><h2 data-start=\"581\" data-end=\"651\"><span style=\"color: #ffffff;\">Von der Tagung bis zur gro\u00dfen Abendveranstaltung<\/span><\/h2><p data-start=\"653\" data-end=\"770\">Wir bieten Ihnen flexible L\u00f6sungen f\u00fcr unterschiedlichste Eventformate:<\/p><ul data-start=\"772\" data-end=\"974\"><li data-start=\"772\" data-end=\"799\"><p data-start=\"774\" data-end=\"799\"><img decoding=\"async\" class=\"emoji\" role=\"img\" draggable=\"false\" src=\"https:\/\/s.w.org\/images\/core\/emoji\/17.0.2\/svg\/2714.svg\" alt=\"\u2714\ufe0f\" \/> Tagungen &amp; Workshops<\/p><\/li><li data-start=\"800\" data-end=\"819\"><p data-start=\"802\" data-end=\"819\"><img decoding=\"async\" class=\"emoji\" role=\"img\" draggable=\"false\" src=\"https:\/\/s.w.org\/images\/core\/emoji\/17.0.2\/svg\/2714.svg\" alt=\"\u2714\ufe0f\" \/> Kundenevents<\/p><\/li><li data-start=\"820\" data-end=\"860\"><p data-start=\"822\" data-end=\"860\"><img decoding=\"async\" class=\"emoji\" role=\"img\" draggable=\"false\" src=\"https:\/\/s.w.org\/images\/core\/emoji\/17.0.2\/svg\/2714.svg\" alt=\"\u2714\ufe0f\" \/> Get-together &amp; Networking-Abende<\/p><\/li><li data-start=\"861\" data-end=\"891\"><p data-start=\"863\" data-end=\"891\"><img decoding=\"async\" class=\"emoji\" role=\"img\" draggable=\"false\" src=\"https:\/\/s.w.org\/images\/core\/emoji\/17.0.2\/svg\/2714.svg\" alt=\"\u2714\ufe0f\" \/> Messen &amp; Pr\u00e4sentationen<\/p><\/li><li data-start=\"892\" data-end=\"929\"><p data-start=\"894\" data-end=\"929\"><img decoding=\"async\" class=\"emoji\" role=\"img\" draggable=\"false\" src=\"https:\/\/s.w.org\/images\/core\/emoji\/17.0.2\/svg\/2714.svg\" alt=\"\u2714\ufe0f\" \/> Sommerfeste &amp; Weihnachtsfeiern<\/p><\/li><li data-start=\"930\" data-end=\"974\"><p data-start=\"932\" data-end=\"974\"><img decoding=\"async\" class=\"emoji\" role=\"img\" draggable=\"false\" src=\"https:\/\/s.w.org\/images\/core\/emoji\/17.0.2\/svg\/2714.svg\" alt=\"\u2714\ufe0f\" \/> Jubil\u00e4en &amp; gro\u00dfe Abendveranstaltungen<\/p><\/li><\/ul><p data-start=\"976\" data-end=\"1081\">Egal ob sachlich-strukturiert oder emotional-inszeniert \u2013 wir setzen Ihre Veranstaltung professionell um.<\/p><h2 data-start=\"1088\" data-end=\"1135\"><span style=\"color: #ffffff;\">Flexible Raumkonzepte f\u00fcr jede Gr\u00f6\u00dfenordnung<\/span><\/h2><h3 data-start=\"1137\" data-end=\"1154\"><span style=\"color: #ffffff;\">Im Restaurant<\/span><\/h3><p data-start=\"1155\" data-end=\"1374\">F\u00fcr Veranstaltungen mit <strong data-start=\"1179\" data-end=\"1202\">60 bis 150 Personen<\/strong> bietet unser stilvolles Restaurant den perfekten Rahmen \u2013 ideal f\u00fcr Tagungen mit anschlie\u00dfender Abendveranstaltung oder exklusive Firmenfeiern mit pers\u00f6nlicher Atmosph\u00e4re.<\/p><h3 data-start=\"1376\" data-end=\"1419\"><span style=\"color: #ffffff;\">In Zusammenarbeit mit der Henrichsh\u00fctte<\/span><\/h3><p data-start=\"1420\" data-end=\"1573\">F\u00fcr gr\u00f6\u00dfere Events steht Ihnen gemeinsam mit der Henrichsh\u00fctte die beeindruckende Eventhalle zur Verf\u00fcgung \u2013 mit Kapazit\u00e4ten von <strong data-start=\"1549\" data-end=\"1572\">bis zu 600 Personen<\/strong>.<\/p><p data-start=\"1575\" data-end=\"1673\">Industriearchitektur trifft moderne Veranstaltungstechnik \u2013 ein Rahmen, der Ihre G\u00e4ste begeistert.<\/p>\t\t\t\t\t\t\t\t<\/div>\n\t\t\t\t<\/div>\n\t\t\t\t<\/div>\n\t\t<div class=\"elementor-element elementor-element-98a3648 e-con-full e-flex e-con e-child\" data-id=\"98a3648\" data-element_type=\"container\" data-e-type=\"container\">\n\t\t\t\t<div class=\"elementor-element elementor-element-a6dbff6 elementor-widget elementor-widget-image\" data-id=\"a6dbff6\" data-element_type=\"widget\" data-e-type=\"widget\" data-widget_type=\"image.default\">\n\t\t\t\t<div class=\"elementor-widget-container\">\n\t\t\t\t\t\t\t\t\t\t\t\t\t\t\t<img fetchpriority=\"high\" decoding=\"async\" width=\"768\" height=\"1024\" src=\"https:\/\/www.henrichs-restaurant.de\/wp-content\/uploads\/2026\/02\/IHK-Empfang-Halle-768x1024.jpeg\" class=\"attachment-large size-large wp-image-1356\" alt=\"\" srcset=\"https:\/\/www.henrichs-restaurant.de\/wp-content\/uploads\/2026\/02\/IHK-Empfang-Halle-768x1024.jpeg 768w, https:\/\/www.henrichs-restaurant.de\/wp-content\/uploads\/2026\/02\/IHK-Empfang-Halle-225x300.jpeg 225w, https:\/\/www.henrichs-restaurant.de\/wp-content\/uploads\/2026\/02\/IHK-Empfang-Halle-1152x1536.jpeg 1152w, https:\/\/www.henrichs-restaurant.de\/wp-content\/uploads\/2026\/02\/IHK-Empfang-Halle-1536x2048.jpeg 1536w, https:\/\/www.henrichs-restaurant.de\/wp-content\/uploads\/2026\/02\/IHK-Empfang-Halle-scaled.jpeg 1920w\" sizes=\"(max-width: 768px) 100vw, 768px\" \/>\t\t\t\t\t\t\t\t\t\t\t\t\t\t\t<\/div>\n\t\t\t\t<\/div>\n\t\t\t\t<\/div>\n\t\t\t\t\t<\/div>\n\t\t\t\t<\/div>\n\t\t<div class=\"elementor-element elementor-element-dfb6677 e-flex e-con-boxed e-con e-parent\" data-id=\"dfb6677\" data-element_type=\"container\" data-e-type=\"container\" data-settings=\"{&quot;background_background&quot;:&quot;classic&quot;}\">\n\t\t\t\t\t<div class=\"e-con-inner\">\n\t\t<div class=\"elementor-element elementor-element-a4270cc e-con-full e-flex e-con e-child\" data-id=\"a4270cc\" data-element_type=\"container\" data-e-type=\"container\">\n\t\t\t\t<div class=\"elementor-element elementor-element-2a670e6 elementor-widget elementor-widget-image\" data-id=\"2a670e6\" data-element_type=\"widget\" data-e-type=\"widget\" data-widget_type=\"image.default\">\n\t\t\t\t<div class=\"elementor-widget-container\">\n\t\t\t\t\t\t\t\t\t\t\t\t\t\t\t<img decoding=\"async\" width=\"1024\" height=\"768\" src=\"https:\/\/www.henrichs-restaurant.de\/wp-content\/uploads\/2026\/02\/Paki-Party-2-1024x768.jpeg\" class=\"attachment-large size-large wp-image-1358\" alt=\"\" srcset=\"https:\/\/www.henrichs-restaurant.de\/wp-content\/uploads\/2026\/02\/Paki-Party-2-1024x768.jpeg 1024w, https:\/\/www.henrichs-restaurant.de\/wp-content\/uploads\/2026\/02\/Paki-Party-2-300x225.jpeg 300w, https:\/\/www.henrichs-restaurant.de\/wp-content\/uploads\/2026\/02\/Paki-Party-2-768x576.jpeg 768w, https:\/\/www.henrichs-restaurant.de\/wp-content\/uploads\/2026\/02\/Paki-Party-2-1536x1152.jpeg 1536w, https:\/\/www.henrichs-restaurant.de\/wp-content\/uploads\/2026\/02\/Paki-Party-2.jpeg 1600w\" sizes=\"(max-width: 1024px) 100vw, 1024px\" \/>\t\t\t\t\t\t\t\t\t\t\t\t\t\t\t<\/div>\n\t\t\t\t<\/div>\n\t\t\t\t<div class=\"elementor-element elementor-element-2eb516f elementor-widget elementor-widget-image\" data-id=\"2eb516f\" data-element_type=\"widget\" data-e-type=\"widget\" data-widget_type=\"image.default\">\n\t\t\t\t<div class=\"elementor-widget-container\">\n\t\t\t\t\t\t\t\t\t\t\t\t\t\t\t<img decoding=\"async\" width=\"768\" height=\"1024\" src=\"https:\/\/www.henrichs-restaurant.de\/wp-content\/uploads\/2026\/02\/Tagung-Feuer-768x1024.jpeg\" class=\"attachment-large size-large wp-image-1362\" alt=\"\" srcset=\"https:\/\/www.henrichs-restaurant.de\/wp-content\/uploads\/2026\/02\/Tagung-Feuer-768x1024.jpeg 768w, https:\/\/www.henrichs-restaurant.de\/wp-content\/uploads\/2026\/02\/Tagung-Feuer-225x300.jpeg 225w, https:\/\/www.henrichs-restaurant.de\/wp-content\/uploads\/2026\/02\/Tagung-Feuer-1152x1536.jpeg 1152w, https:\/\/www.henrichs-restaurant.de\/wp-content\/uploads\/2026\/02\/Tagung-Feuer.jpeg 1200w\" sizes=\"(max-width: 768px) 100vw, 768px\" \/>\t\t\t\t\t\t\t\t\t\t\t\t\t\t\t<\/div>\n\t\t\t\t<\/div>\n\t\t\t\t<\/div>\n\t\t<div class=\"elementor-element elementor-element-d83fda4 e-con-full e-flex e-con e-child\" data-id=\"d83fda4\" data-element_type=\"container\" data-e-type=\"container\">\n\t\t\t\t<div class=\"elementor-element elementor-element-cfb6ad5 elementor-widget elementor-widget-text-editor\" data-id=\"cfb6ad5\" data-element_type=\"widget\" data-e-type=\"widget\" data-widget_type=\"text-editor.default\">\n\t\t\t\t<div class=\"elementor-widget-container\">\n\t\t\t\t\t\t\t\t\t<h2 data-start=\"1680\" data-end=\"1748\"><span style=\"color: #ffffff;\">Alles aus einer Hand \u2013 effizient geplant, professionell umgesetzt<\/span><\/h2>\n<p data-start=\"1750\" data-end=\"1893\">Wir wissen, wie wichtig eine reibungslose Organisation f\u00fcr Unternehmen ist.<br data-start=\"1825\" data-end=\"1828\">Deshalb erhalten Sie bei uns s\u00e4mtliche Leistungen aus einer Hand:<\/p>\n<p data-start=\"1895\" data-end=\"1994\"><img decoding=\"async\" draggable=\"false\" role=\"img\" class=\"emoji\" alt=\"\u2714\ufe0f\" src=\"https:\/\/s.w.org\/images\/core\/emoji\/17.0.2\/svg\/2714.svg\"> Location<br data-start=\"1906\" data-end=\"1909\"><img decoding=\"async\" draggable=\"false\" role=\"img\" class=\"emoji\" alt=\"\u2714\ufe0f\" src=\"https:\/\/s.w.org\/images\/core\/emoji\/17.0.2\/svg\/2714.svg\"> Getr\u00e4nke<br data-start=\"1920\" data-end=\"1923\"><img decoding=\"async\" draggable=\"false\" role=\"img\" class=\"emoji\" alt=\"\u2714\ufe0f\" src=\"https:\/\/s.w.org\/images\/core\/emoji\/17.0.2\/svg\/2714.svg\"> Speisen<br data-start=\"1944\" data-end=\"1947\"><img decoding=\"async\" draggable=\"false\" role=\"img\" class=\"emoji\" alt=\"\u2714\ufe0f\" src=\"https:\/\/s.w.org\/images\/core\/emoji\/17.0.2\/svg\/2714.svg\"> Servicepersonal<br data-start=\"1965\" data-end=\"1968\"><img decoding=\"async\" draggable=\"false\" role=\"img\" class=\"emoji\" alt=\"\u2714\ufe0f\" src=\"https:\/\/s.w.org\/images\/core\/emoji\/17.0.2\/svg\/2714.svg\"> Veranstaltungstechnik<\/p>\n<p data-start=\"1996\" data-end=\"2063\">Ein Ansprechpartner.<br data-start=\"2016\" data-end=\"2019\">Klare Absprachen.<br data-start=\"2036\" data-end=\"2039\">Strukturierte Planung.<\/p>\n<p data-start=\"2065\" data-end=\"2108\">Das spart Zeit \u2013 und gibt Ihnen Sicherheit.<\/p>\n<h2 data-start=\"2115\" data-end=\"2152\"><span style=\"color: #ffffff;\">Mehr als nur ein Veranstaltungsort<\/span><\/h2>\n<p data-start=\"2154\" data-end=\"2207\">Wir bieten nicht nur R\u00e4ume \u2013 wir schaffen Atmosph\u00e4re.<\/p>\n<p data-start=\"2209\" data-end=\"2503\">Das historische Industrieambiente sorgt f\u00fcr eine besondere Wirkung.<br data-start=\"2326\" data-end=\"2329\">Ob Business-Event mit klarer Struktur oder Abendveranstaltung mit emotionalem Charakter \u2013 die Kombination aus Raum, Licht und professioneller Betreuung macht den Unterschied.<\/p>\n<h2 data-start=\"2510\" data-end=\"2556\"><span style=\"color: #ffffff;\">Planen Sie Ihr n\u00e4chstes Firmenevent mit uns<\/span><\/h2>\n<p data-start=\"2558\" data-end=\"2636\">Gerne beraten wir Sie pers\u00f6nlich zu Ihrem individuellen Veranstaltungskonzept.<\/p>\n<p data-start=\"2638\" data-end=\"2787\">Vereinbaren Sie jetzt einen unverbindlichen Besichtigungstermin \u2013 und entdecken Sie, wie Ihr n\u00e4chstes Firmenevent im Industrieambiente aussehen kann.<\/p>\t\t\t\t\t\t\t\t<\/div>\n\t\t\t\t<\/div>\n\t\t\t\t<div class=\"elementor-element elementor-element-0492f41 elementor-widget elementor-widget-image\" data-id=\"0492f41\" data-element_type=\"widget\" data-e-type=\"widget\" data-widget_type=\"image.default\">\n\t\t\t\t<div class=\"elementor-widget-container\">\n\t\t\t\t\t\t\t\t\t\t\t\t\t\t\t<img loading=\"lazy\" decoding=\"async\" width=\"1024\" height=\"768\" src=\"https:\/\/www.henrichs-restaurant.de\/wp-content\/uploads\/2026\/02\/Paki-gestellt-1024x768.jpeg\" class=\"attachment-large size-large wp-image-1357\" alt=\"\" srcset=\"https:\/\/www.henrichs-restaurant.de\/wp-content\/uploads\/2026\/02\/Paki-gestellt-1024x768.jpeg 1024w, https:\/\/www.henrichs-restaurant.de\/wp-content\/uploads\/2026\/02\/Paki-gestellt-300x225.jpeg 300w, https:\/\/www.henrichs-restaurant.de\/wp-content\/uploads\/2026\/02\/Paki-gestellt-768x576.jpeg 768w, https:\/\/www.henrichs-restaurant.de\/wp-content\/uploads\/2026\/02\/Paki-gestellt-1536x1152.jpeg 1536w, https:\/\/www.henrichs-restaurant.de\/wp-content\/uploads\/2026\/02\/Paki-gestellt.jpeg 1600w\" sizes=\"(max-width: 1024px) 100vw, 1024px\" \/>\t\t\t\t\t\t\t\t\t\t\t\t\t\t\t<\/div>\n\t\t\t\t<\/div>\n\t\t\t\t<\/div>\n\t\t\t\t\t<\/div>\n\t\t\t\t<\/div>\n\t\t\t\t<\/div>\n\t\t","protected":false},"excerpt":{"rendered":"<p>Firmenevents mit Charakter im Industrieambiente der Henrichsh\u00fctte Ob Tagung, Get-together, Messe, Jahresauftakt, Sommerfest oder stilvolle Abendveranstaltung \u2013 bei uns wird aus Ihrer Firmenveranstaltung ein besonderes Erlebnis. Mitten im Ruhrgebiet verbinden wir professionelles Eventmanagement mit einzigartigem Industriecharme \u2013 und schaffen den passenden Rahmen f\u00fcr Veranstaltungen, die Eindruck hinterlassen. Von der Tagung bis zur gro\u00dfen Abendveranstaltung Wir [&hellip;]<\/p>\n","protected":false},"author":1,"featured_media":0,"parent":0,"menu_order":0,"comment_status":"closed","ping_status":"closed","template":"elementor_header_footer","meta":{"footnotes":""},"class_list":["post-1348","page","type-page","status-publish","hentry","entry"],"_links":{"self":[{"href":"https:\/\/www.henrichs-restaurant.de\/index.php?rest_route=\/wp\/v2\/pages\/1348","targetHints":{"allow":["GET"]}}],"collection":[{"href":"https:\/\/www.henrichs-restaurant.de\/index.php?rest_route=\/wp\/v2\/pages"}],"about":[{"href":"https:\/\/www.henrichs-restaurant.de\/index.php?rest_route=\/wp\/v2\/types\/page"}],"author":[{"embeddable":true,"href":"https:\/\/www.henrichs-restaurant.de\/index.php?rest_route=\/wp\/v2\/users\/1"}],"replies":[{"embeddable":true,"href":"https:\/\/www.henrichs-restaurant.de\/index.php?rest_route=%2Fwp%2Fv2%2Fcomments&post=1348"}],"version-history":[{"count":16,"href":"https:\/\/www.henrichs-restaurant.de\/index.php?rest_route=\/wp\/v2\/pages\/1348\/revisions"}],"predecessor-version":[{"id":1376,"href":"https:\/\/www.henrichs-restaurant.de\/index.php?rest_route=\/wp\/v2\/pages\/1348\/revisions\/1376"}],"wp:attachment":[{"href":"https:\/\/www.henrichs-restaurant.de\/index.php?rest_route=%2Fwp%2Fv2%2Fmedia&parent=1348"}],"curies":[{"name":"wp","href":"https:\/\/api.w.org\/{rel}","templated":true}]}}