{"id":1280,"date":"2026-02-12T12:01:57","date_gmt":"2026-02-12T11:01:57","guid":{"rendered":"https:\/\/www.henrichs-restaurant.de\/?page_id=1280"},"modified":"2026-02-13T14:42:05","modified_gmt":"2026-02-13T13:42:05","slug":"hochzeiten","status":"publish","type":"page","link":"https:\/\/www.henrichs-restaurant.de\/?page_id=1280","title":{"rendered":"Hochzeiten"},"content":{"rendered":"\t\t<div data-elementor-type=\"wp-page\" data-elementor-id=\"1280\" class=\"elementor elementor-1280\">\n\t\t\t\t<div class=\"elementor-element elementor-element-76d6d05 e-flex e-con-boxed e-con e-parent\" data-id=\"76d6d05\" data-element_type=\"container\" data-e-type=\"container\" data-settings=\"{&quot;background_background&quot;:&quot;classic&quot;}\">\n\t\t\t\t\t<div class=\"e-con-inner\">\n\t\t\t\t<div class=\"elementor-element elementor-element-2520722 elementor-widget elementor-widget-heading\" data-id=\"2520722\" data-element_type=\"widget\" data-e-type=\"widget\" data-widget_type=\"heading.default\">\n\t\t\t\t<div class=\"elementor-widget-container\">\n\t\t\t\t\t<h2 class=\"elementor-heading-title elementor-size-default\">Ihre Hochzeit mit Industrie-Charme<\/h2>\t\t\t\t<\/div>\n\t\t\t\t<\/div>\n\t\t\t\t\t<\/div>\n\t\t\t\t<\/div>\n\t\t<div class=\"elementor-element elementor-element-45da3c3 e-flex e-con-boxed e-con e-parent\" data-id=\"45da3c3\" data-element_type=\"container\" data-e-type=\"container\" data-settings=\"{&quot;background_background&quot;:&quot;classic&quot;}\">\n\t\t\t\t\t<div class=\"e-con-inner\">\n\t\t<div class=\"elementor-element elementor-element-445b297 e-con-full e-flex e-con e-child\" data-id=\"445b297\" data-element_type=\"container\" data-e-type=\"container\">\n\t\t\t\t<div class=\"elementor-element elementor-element-bfe17b8 elementor-widget elementor-widget-text-editor\" data-id=\"bfe17b8\" data-element_type=\"widget\" data-e-type=\"widget\" data-widget_type=\"text-editor.default\">\n\t\t\t\t<div class=\"elementor-widget-container\">\n\t\t\t\t\t\t\t\t\t<h1 data-start=\"118\" data-end=\"166\"><span style=\"color: #ffffff;\">Eure Hochzeit in einzigartigem Ambiente<\/span><\/h1>\n<p data-start=\"168\" data-end=\"362\">Stellt euch eine Hochzeit vor, die anders ist.<br data-start=\"214\" data-end=\"217\">Kein Standard-Saal. Kein beliebiges Ambiente.<br data-start=\"262\" data-end=\"265\">Sondern eine Feier mit Charakter \u2013 im historischen Industrieflair der Henrichsh\u00fctte in Hattingen.<\/p>\n<p data-start=\"364\" data-end=\"433\">Bei uns feiern Paare, die das Besondere suchen.<\/p>\n<h2 data-start=\"440\" data-end=\"487\"><span style=\"color: #ffffff;\">\u00dcber 20 Jahre Erfahrung f\u00fcr Euren gro\u00dfen Tag.<\/span><\/h2>\n<p data-start=\"652\" data-end=\"682\">Wir wissen, worauf es ankommt:<\/p>\n<p>&#8211; Reibungslose Abl\u00e4ufe<br>&#8211; Freundlicher, aufmerksamer Service <br>&#8211; Perfektes Timing zwischen Dinner, Reden und Party<br>&#8211; Ein Team, das Euch den R\u00fccken freih\u00e4lt<\/p>\n<p data-start=\"845\" data-end=\"910\">Damit Ihr euch auf das Wichtigste konzentrieren k\u00f6nnt: Euch und Euren Tag.<\/p>\n<h2 data-start=\"917\" data-end=\"959\"><span style=\"color: #ffffff;\">Alles aus einer Hand \u2013 entspannt feiern<\/span><\/h2>\n<p data-start=\"961\" data-end=\"1008\">Bei uns bekommt ihr mehr als nur eine Location.<\/p>\n<p data-start=\"1010\" data-end=\"1051\">Wir bieten Euch ein Rundum-Sorglos-Paket:<\/p>\n<p data-start=\"1053\" data-end=\"1304\"><img decoding=\"async\" class=\"emoji\" role=\"img\" draggable=\"false\" src=\"https:\/\/s.w.org\/images\/core\/emoji\/17.0.2\/svg\/2714.svg\" alt=\"\u2714\ufe0f\"> Einzigartige Hochzeitslocation im Industriecharme<br data-start=\"1105\" data-end=\"1108\"><img decoding=\"async\" class=\"emoji\" role=\"img\" draggable=\"false\" src=\"https:\/\/s.w.org\/images\/core\/emoji\/17.0.2\/svg\/2714.svg\" alt=\"\u2714\ufe0f\"> Hochwertiges Catering<br data-start=\"1132\" data-end=\"1135\"><img decoding=\"async\" class=\"emoji\" role=\"img\" draggable=\"false\" src=\"https:\/\/s.w.org\/images\/core\/emoji\/17.0.2\/svg\/2714.svg\" alt=\"\u2714\ufe0f\"> Servicepersonal<br data-start=\"1153\" data-end=\"1156\"><img decoding=\"async\" class=\"emoji\" role=\"img\" draggable=\"false\" src=\"https:\/\/s.w.org\/images\/core\/emoji\/17.0.2\/svg\/2714.svg\" alt=\"\u2714\ufe0f\"> Dekoration &amp; individuelle Gestaltungsm\u00f6glichkeiten<br data-start=\"1209\" data-end=\"1212\"><img decoding=\"async\" class=\"emoji\" role=\"img\" draggable=\"false\" src=\"https:\/\/s.w.org\/images\/core\/emoji\/17.0.2\/svg\/2714.svg\" alt=\"\u2714\ufe0f\"> Empfehlungen f\u00fcr erfahrene Hochzeits-DJs<br data-start=\"1255\" data-end=\"1258\"><img decoding=\"async\" class=\"emoji\" role=\"img\" draggable=\"false\" src=\"https:\/\/s.w.org\/images\/core\/emoji\/17.0.2\/svg\/2714.svg\" alt=\"\u2714\ufe0f\"> Enge Abstimmung und pers\u00f6nliche Betreuung<br> <img decoding=\"async\" class=\"emoji\" role=\"img\" draggable=\"false\" src=\"https:\/\/s.w.org\/images\/core\/emoji\/17.0.2\/svg\/2714.svg\" alt=\"\u2714\ufe0f\"> Standesamt auf dem Gel\u00e4nde der Henrichsh\u00fctte<\/p>\n<p data-start=\"1306\" data-end=\"1377\">Ein Ansprechpartner.<br data-start=\"1326\" data-end=\"1329\">Klare Planung.<br data-start=\"1343\" data-end=\"1346\">Keine unn\u00f6tigen Schnittstellen.<\/p>\t\t\t\t\t\t\t\t<\/div>\n\t\t\t\t<\/div>\n\t\t\t\t<\/div>\n\t\t<div class=\"elementor-element elementor-element-7319051 e-con-full e-flex e-con e-child\" data-id=\"7319051\" data-element_type=\"container\" data-e-type=\"container\">\n\t\t\t\t<div class=\"elementor-element elementor-element-6fc1c4a elementor-widget elementor-widget-image\" data-id=\"6fc1c4a\" data-element_type=\"widget\" data-e-type=\"widget\" data-widget_type=\"image.default\">\n\t\t\t\t<div class=\"elementor-widget-container\">\n\t\t\t\t\t\t\t\t\t\t\t\t\t\t\t<img fetchpriority=\"high\" decoding=\"async\" width=\"1024\" height=\"768\" src=\"https:\/\/www.henrichs-restaurant.de\/wp-content\/uploads\/2026\/02\/hochzeit-mit-LOVE-Buchstaben-1024x768.jpg\" class=\"attachment-large size-large wp-image-1303\" alt=\"\" srcset=\"https:\/\/www.henrichs-restaurant.de\/wp-content\/uploads\/2026\/02\/hochzeit-mit-LOVE-Buchstaben-1024x768.jpg 1024w, https:\/\/www.henrichs-restaurant.de\/wp-content\/uploads\/2026\/02\/hochzeit-mit-LOVE-Buchstaben-300x225.jpg 300w, https:\/\/www.henrichs-restaurant.de\/wp-content\/uploads\/2026\/02\/hochzeit-mit-LOVE-Buchstaben-768x576.jpg 768w, https:\/\/www.henrichs-restaurant.de\/wp-content\/uploads\/2026\/02\/hochzeit-mit-LOVE-Buchstaben-1536x1152.jpg 1536w, https:\/\/www.henrichs-restaurant.de\/wp-content\/uploads\/2026\/02\/hochzeit-mit-LOVE-Buchstaben-2048x1536.jpg 2048w\" sizes=\"(max-width: 1024px) 100vw, 1024px\" \/>\t\t\t\t\t\t\t\t\t\t\t\t\t\t\t<\/div>\n\t\t\t\t<\/div>\n\t\t\t\t<div class=\"elementor-element elementor-element-b3869b8 elementor-widget elementor-widget-image\" data-id=\"b3869b8\" data-element_type=\"widget\" data-e-type=\"widget\" data-widget_type=\"image.default\">\n\t\t\t\t<div class=\"elementor-widget-container\">\n\t\t\t\t\t\t\t\t\t\t\t\t\t\t\t<img decoding=\"async\" width=\"1024\" height=\"768\" src=\"https:\/\/www.henrichs-restaurant.de\/wp-content\/uploads\/2026\/02\/Hochzeit-eingedeckt-richtig-bunt-abend-2-1024x768.jpg\" class=\"attachment-large size-large wp-image-1299\" alt=\"\" srcset=\"https:\/\/www.henrichs-restaurant.de\/wp-content\/uploads\/2026\/02\/Hochzeit-eingedeckt-richtig-bunt-abend-2-1024x768.jpg 1024w, https:\/\/www.henrichs-restaurant.de\/wp-content\/uploads\/2026\/02\/Hochzeit-eingedeckt-richtig-bunt-abend-2-300x225.jpg 300w, https:\/\/www.henrichs-restaurant.de\/wp-content\/uploads\/2026\/02\/Hochzeit-eingedeckt-richtig-bunt-abend-2-768x576.jpg 768w, https:\/\/www.henrichs-restaurant.de\/wp-content\/uploads\/2026\/02\/Hochzeit-eingedeckt-richtig-bunt-abend-2-1536x1152.jpg 1536w, https:\/\/www.henrichs-restaurant.de\/wp-content\/uploads\/2026\/02\/Hochzeit-eingedeckt-richtig-bunt-abend-2-2048x1536.jpg 2048w\" sizes=\"(max-width: 1024px) 100vw, 1024px\" \/>\t\t\t\t\t\t\t\t\t\t\t\t\t\t\t<\/div>\n\t\t\t\t<\/div>\n\t\t\t\t<\/div>\n\t\t\t\t\t<\/div>\n\t\t\t\t<\/div>\n\t\t<div class=\"elementor-element elementor-element-8dd5fb8 e-flex e-con-boxed e-con e-parent\" data-id=\"8dd5fb8\" data-element_type=\"container\" data-e-type=\"container\" data-settings=\"{&quot;background_background&quot;:&quot;classic&quot;}\">\n\t\t\t\t\t<div class=\"e-con-inner\">\n\t\t<div class=\"elementor-element elementor-element-f36cf6e e-con-full e-flex e-con e-child\" data-id=\"f36cf6e\" data-element_type=\"container\" data-e-type=\"container\">\n\t\t\t\t<div class=\"elementor-element elementor-element-314cf98 elementor-widget elementor-widget-image\" data-id=\"314cf98\" data-element_type=\"widget\" data-e-type=\"widget\" data-widget_type=\"image.default\">\n\t\t\t\t<div class=\"elementor-widget-container\">\n\t\t\t\t\t\t\t\t\t\t\t\t\t\t\t<img decoding=\"async\" width=\"1024\" height=\"768\" src=\"https:\/\/www.henrichs-restaurant.de\/wp-content\/uploads\/2026\/02\/Restaurant-Hochzeit-neu-1024x768.jpg\" class=\"attachment-large size-large wp-image-1307\" alt=\"\" srcset=\"https:\/\/www.henrichs-restaurant.de\/wp-content\/uploads\/2026\/02\/Restaurant-Hochzeit-neu-1024x768.jpg 1024w, https:\/\/www.henrichs-restaurant.de\/wp-content\/uploads\/2026\/02\/Restaurant-Hochzeit-neu-300x225.jpg 300w, https:\/\/www.henrichs-restaurant.de\/wp-content\/uploads\/2026\/02\/Restaurant-Hochzeit-neu-768x576.jpg 768w, https:\/\/www.henrichs-restaurant.de\/wp-content\/uploads\/2026\/02\/Restaurant-Hochzeit-neu-1536x1152.jpg 1536w, https:\/\/www.henrichs-restaurant.de\/wp-content\/uploads\/2026\/02\/Restaurant-Hochzeit-neu-2048x1536.jpg 2048w\" sizes=\"(max-width: 1024px) 100vw, 1024px\" \/>\t\t\t\t\t\t\t\t\t\t\t\t\t\t\t<\/div>\n\t\t\t\t<\/div>\n\t\t\t\t<div class=\"elementor-element elementor-element-bd05145 elementor-widget elementor-widget-image\" data-id=\"bd05145\" data-element_type=\"widget\" data-e-type=\"widget\" data-widget_type=\"image.default\">\n\t\t\t\t<div class=\"elementor-widget-container\">\n\t\t\t\t\t\t\t\t\t\t\t\t\t\t\t<img loading=\"lazy\" decoding=\"async\" width=\"1024\" height=\"768\" src=\"https:\/\/www.henrichs-restaurant.de\/wp-content\/uploads\/2026\/02\/Silvester-Tisch-eingedeckt-1024x768.jpg\" class=\"attachment-large size-large wp-image-1312\" alt=\"\" srcset=\"https:\/\/www.henrichs-restaurant.de\/wp-content\/uploads\/2026\/02\/Silvester-Tisch-eingedeckt-1024x768.jpg 1024w, https:\/\/www.henrichs-restaurant.de\/wp-content\/uploads\/2026\/02\/Silvester-Tisch-eingedeckt-300x225.jpg 300w, https:\/\/www.henrichs-restaurant.de\/wp-content\/uploads\/2026\/02\/Silvester-Tisch-eingedeckt-768x576.jpg 768w, https:\/\/www.henrichs-restaurant.de\/wp-content\/uploads\/2026\/02\/Silvester-Tisch-eingedeckt-1536x1152.jpg 1536w, https:\/\/www.henrichs-restaurant.de\/wp-content\/uploads\/2026\/02\/Silvester-Tisch-eingedeckt-2048x1536.jpg 2048w\" sizes=\"(max-width: 1024px) 100vw, 1024px\" \/>\t\t\t\t\t\t\t\t\t\t\t\t\t\t\t<\/div>\n\t\t\t\t<\/div>\n\t\t\t\t<\/div>\n\t\t<div class=\"elementor-element elementor-element-7da0744 e-con-full e-flex e-con e-child\" data-id=\"7da0744\" data-element_type=\"container\" data-e-type=\"container\">\n\t\t\t\t<div class=\"elementor-element elementor-element-0070f2b elementor-widget elementor-widget-text-editor\" data-id=\"0070f2b\" data-element_type=\"widget\" data-e-type=\"widget\" data-widget_type=\"text-editor.default\">\n\t\t\t\t<div class=\"elementor-widget-container\">\n\t\t\t\t\t\t\t\t\t<h2 data-start=\"1384\" data-end=\"1426\"><span style=\"color: #ffffff;\">Transparente Preise \u2013 faire Kalkulation<\/span><\/h2>\n<p data-start=\"1428\" data-end=\"1463\">Wir m\u00f6chten, dass Ihr planen k\u00f6nnt.<\/p>\n<p data-start=\"1465\" data-end=\"1488\"><strong data-start=\"1465\" data-end=\"1488\">Raummiete: 950,00 \u20ac<\/strong><\/p>\n<p data-start=\"1490\" data-end=\"1540\"><strong data-start=\"1490\" data-end=\"1527\">Hochzeitspaket ab 95 \u20ac pro Person<\/strong><br data-start=\"1527\" data-end=\"1530\">inklusive:<\/p>\n<p>&#8211; Speisen<br>&#8211; Getr\u00e4nke<br>&#8211; Servicepersonal<\/p>\n\n\n<p data-start=\"1587\" data-end=\"1693\">Die Feier ist bei uns bis ca. 4:00 Uhr m\u00f6glich \u2013 damit Eure Party genau so lang geht, wie sie es verdient.<\/p>\n<h2 data-start=\"1700\" data-end=\"1741\"><span style=\"color: #ffffff;\">Eure Hochzeit. So individuell wie Ihr.<\/span><\/h2>\n<p data-start=\"1743\" data-end=\"1885\">Jede Hochzeit ist anders.<br data-start=\"1768\" data-end=\"1771\">Boho, modern, elegant, industrial chic oder klassisch \u2013 wir passen Raum, Ablauf und Atmosph\u00e4re an eure W\u00fcnsche an.<\/p>\n<p data-start=\"1887\" data-end=\"2013\">Ob 80 oder 130 G\u00e4ste mit Tanzfl\u00e4che \u2013 unser Restaurant bietet den perfekten Rahmen f\u00fcr eine pers\u00f6nliche, stimmungsvolle Feier.<\/p>\n<p data-start=\"2015\" data-end=\"2036\">Ihr entscheidet \u00fcber:<\/p>\n<p>&#8211; Men\u00fc oder Buffet<br>&#8211; Sitzordnung<br>&#8211; Dekorationsstil<br>&#8211; Ablauf<br>&#8211; Partyatmosph\u00e4re<\/p>\n\n\n<p data-start=\"2126\" data-end=\"2155\">Wir sorgen f\u00fcr die Umsetzung.<\/p>\n<h2 data-start=\"2162\" data-end=\"2204\"><span style=\"color: #ffffff;\">Warum Industriecharme unvergesslich ist<\/span><\/h2>\n<p data-start=\"2206\" data-end=\"2363\">Der Kontrast aus historischem Stahl, warmem Licht und liebevoller Dekoration schafft eine Atmosph\u00e4re, die G\u00e4ste begeistert \u2013 und auf Fotos einzigartig wirkt.<\/p>\n<p data-start=\"2365\" data-end=\"2442\">Hier entsteht keine Hochzeit \u201ewie jede andere\u201c.<br data-start=\"2412\" data-end=\"2415\">Hier entsteht ein Erlebnis.<\/p>\n<h2 data-start=\"2449\" data-end=\"2488\"><span style=\"color: #ffffff;\">Lasst uns euren Tag gemeinsam planen<\/span><\/h2>\n<p data-start=\"2490\" data-end=\"2613\">Vereinbart jetzt einen unverbindlichen Besichtigungstermin und erlebt selbst, wie sich eure Hochzeit bei uns anf\u00fchlen kann.<\/p>\n<p data-start=\"2615\" data-end=\"2669\">Wir freuen uns darauf, Eure Geschichte mitzugestalten.<\/p>\t\t\t\t\t\t\t\t<\/div>\n\t\t\t\t<\/div>\n\t\t\t\t<\/div>\n\t\t\t\t\t<\/div>\n\t\t\t\t<\/div>\n\t\t\t\t<\/div>\n\t\t","protected":false},"excerpt":{"rendered":"<p>Ihre Hochzeit mit Industrie-Charme Eure Hochzeit in einzigartigem Ambiente Stellt euch eine Hochzeit vor, die anders ist.Kein Standard-Saal. Kein beliebiges Ambiente.Sondern eine Feier mit Charakter \u2013 im historischen Industrieflair der Henrichsh\u00fctte in Hattingen. Bei uns feiern Paare, die das Besondere suchen. \u00dcber 20 Jahre Erfahrung f\u00fcr Euren gro\u00dfen Tag. Wir wissen, worauf es ankommt: &#8211; [&hellip;]<\/p>\n","protected":false},"author":1,"featured_media":0,"parent":0,"menu_order":0,"comment_status":"closed","ping_status":"closed","template":"elementor_header_footer","meta":{"footnotes":""},"class_list":["post-1280","page","type-page","status-publish","hentry","entry"],"_links":{"self":[{"href":"https:\/\/www.henrichs-restaurant.de\/index.php?rest_route=\/wp\/v2\/pages\/1280","targetHints":{"allow":["GET"]}}],"collection":[{"href":"https:\/\/www.henrichs-restaurant.de\/index.php?rest_route=\/wp\/v2\/pages"}],"about":[{"href":"https:\/\/www.henrichs-restaurant.de\/index.php?rest_route=\/wp\/v2\/types\/page"}],"author":[{"embeddable":true,"href":"https:\/\/www.henrichs-restaurant.de\/index.php?rest_route=\/wp\/v2\/users\/1"}],"replies":[{"embeddable":true,"href":"https:\/\/www.henrichs-restaurant.de\/index.php?rest_route=%2Fwp%2Fv2%2Fcomments&post=1280"}],"version-history":[{"count":31,"href":"https:\/\/www.henrichs-restaurant.de\/index.php?rest_route=\/wp\/v2\/pages\/1280\/revisions"}],"predecessor-version":[{"id":1347,"href":"https:\/\/www.henrichs-restaurant.de\/index.php?rest_route=\/wp\/v2\/pages\/1280\/revisions\/1347"}],"wp:attachment":[{"href":"https:\/\/www.henrichs-restaurant.de\/index.php?rest_route=%2Fwp%2Fv2%2Fmedia&parent=1280"}],"curies":[{"name":"wp","href":"https:\/\/api.w.org\/{rel}","templated":true}]}}